{"id":246,"date":"2018-03-19T10:53:49","date_gmt":"2018-03-19T10:53:49","guid":{"rendered":"https:\/\/www.schiffmartini.com\/?page_id=246"},"modified":"2026-03-24T09:13:21","modified_gmt":"2026-03-24T08:13:21","slug":"impressum","status":"publish","type":"page","link":"https:\/\/www.schiffmartini.com\/de\/impressum\/","title":{"rendered":"Impressum"},"content":{"rendered":"\n<p><\/p>\n\n\n\n<h2 class=\"wp-block-heading\">Informationspflichten gem\u00e4\u00df \u00a7 5 DDG:<\/h2>\n\n\n\n<h3 class=\"wp-block-heading\"><strong>Das Internetangebot wird herausgegeben von:<\/strong><\/h3>\n\n\n\n<p><strong>Schiff-Martini &amp; Cie. GmbH<\/strong> (nachfolgend SMC genannt)<br>Wirtschaftspr\u00fcfungsgesellschaft \/ Steuerberatungsgesellschaft<br>Amelia-Mary-Earhart-Stra\u00dfe 8<br>D-60549 Frankfurt am Main<br>Tel.: +49 (69) 631564-0<br>E-Mail: <a href=\"m&#97;&#x69;&#x6c;t&#111;&#58;&#x69;&#x6e;f&#111;&#x40;&#x73;c&#104;&#105;&#x66;&#x66;m&#97;&#x72;&#x74;i&#110;&#105;&#x2e;&#x63;o&#109;\" target=\"_blank\" rel=\"noopener noreferrer\">&#105;&#x6e;&#x66;&#111;&#x40;&#x73;c&#x68;&#x69;f&#102;&#x6d;a&#114;&#x74;i&#110;&#x69;&#46;&#99;&#x6f;m<\/a><br>USt.-ID: DE271491460<br>Handelsregister des Amtsgerichts Frankfurt am Main, Nummer HRB 56676<\/p>\n\n\n\n<p><strong>Datenschutzbeauftragter:<\/strong><br>Reinhold Goetz<br>Dipl.Ing. Nachrichtentechnik<br>Kampstr.6, 50374 Erftstadt<br>Tel. 02235-9947997, Fax 02235-9947998<br>E-Mail:&nbsp;<a href=\"&#x6d;&#x61;&#x69;&#108;&#116;&#111;:r&#x67;&#x6f;&#x65;&#x74;&#122;&#64;da&#x74;&#x65;&#x6e;&#x73;&#99;&#104;ut&#x7a;&#x73;&#x65;&#x72;&#118;&#105;&#99;e&#46;&#x6e;&#x72;&#x77;\">rgoetz&#64;&#100;&#97;&#116;&#101;&#110;&#115;&#x63;&#x68;&#x75;&#x74;&#x7a;&#x73;&#x65;&#x72;&#x76;&#x69;&#x63;&#x65;&#46;nrw<\/a><br><a href=\"mailto:rgoetz&#64;datenschut&#122;&#115;&#101;&#114;&#118;&#105;&#99;&#101;&#46;&#110;&#114;&#119;\">Internet: <\/a><a href=\"http:\/\/www.datenschutzservice.nrw\/\">www.datenschutzservice.nrw<\/a><br>USt-IdNr. DE259375797<br>Zertifizierter Datenschutzbeauftragter und -auditor T\u00dcV<br>Zertifizierte Datenschutzfachkraft DEKRA<br>Registrierter Fachberater beim Bundesamt f\u00fcr Wirtschaft und Ausfuhrkontrolle (BAFA)<br>Mitglied im Berufsverband der Datenschutzbeauftragten Deutschlands (BvD) e.V.<\/p>\n\n\n\n<p>Alle Bilder, die im Internetangebot von SMC Verwendung finden, sind urheberrechtlich gesch\u00fctzt. Lediglich die private, nicht kommerzielle Nutzung ist frei. Falls Sie eine kommerzielle Nutzung beabsichtigen, wenden Sie sich bitte an SMC.<\/p>\n\n\n\n<h3 class=\"wp-block-heading\">Haftungshinweis:<\/h3>\n\n\n\n<p>Trotz sorgf\u00e4ltiger inhaltlicher Kontrolle \u00fcbernehmen wir keine Haftung f\u00fcr die Inhalte externer Links. F\u00fcr den Inhalt der verlinkten Seiten sind ausschlie\u00dflich deren Betreiber verantwortlich.<\/p>\n\n\n\n<p>Hinweise auf die berufsrechtlichen Regelungen:<\/p>\n\n\n\n<p>Unsere Berufstr\u00e4ger:<br>(WP = Wirtschaftspr\u00fcfer(in), StB = Steuerberater(in), RA = Rechtsanwalt(-anw\u00e4ltin), SRA = Syndikusrechtsanwalt(-anw\u00e4ltin)<\/p>\n\n\n\n<p><strong>Der Gesch\u00e4ftsf\u00fchrung geh\u00f6ren an:<\/strong><br>WP\/StB Anita Bolkovac<br>WP\/StB Kirstin Neeser<br>StB Katja Scherpf<br>WP\/StB Dirk Weiler<br>StB Peter Zimmermann<\/p>\n\n\n\n<p><strong>Angestellte Berufstr\u00e4ger:<\/strong><br>StB Verena Bruder <br>StB Yassin Dadci<br>StB Alexandra Fesenko<br>StB Anna Fessler <br>StB Lisa Fischer<br>StB Jan Gr\u00fcnfelder<br>StB Tatjana Kaiser<br>StB Alexander Mehring<br>StB Isabel Reitzenstein<br>StB Svenja Rohrmann<br>StB Steffen Schreiner<br>StB Samuel Schulz<br>StB Susan Waiblinger<br>StB Katharina Weber<br>StB Sebastian Weimer<br>StB Anna Zelosko<br>SRA Iris Engber-Kral<br>RA Henning Riehl<br>SRA\/StB Jutta Schauenberg<br>SRA\/StB Inga Wohlmann<\/p>\n\n\n\n<p><strong>Die gesetzlichen Berufsbezeichnungen<\/strong><br>\u2022 Wirtschaftspr\u00fcfer\/Wirtschaftspr\u00fcferin<br>\u2022 Steuerberater\/Steuerberaterin<br>\u2022 Rechtsanwalt\/Rechtsanw\u00e4ltin<br>\u2022 Syndikusrechtsanwalt\/Syndikusrechtsanw\u00e4ltin <\/p>\n\n\n\n<p>wurden in der Bundesrepublik Deutschland verliehen. Die als Berufstr\u00e4ger t\u00e4tigen Wirtschaftspr\u00fcfer, Steuerberater und Rechtsanw\u00e4lte\/Syndikusrechtsanw\u00e4lte sind nach dem Recht der Bundesrepublik Deutschland zugelassen.<\/p>\n\n\n\n<p>Die berufsrechtlichen Regelungen f\u00fcr den Berufsstand der &#8222;Wirtschaftspr\u00fcfer&#8220;, &#8222;Steuerberater&#8220; und &#8222;Rechtsanw\u00e4lte\/Syndikusrechtsanw\u00e4lte&#8220; ergeben sich im Wesentlichen aus folgendem:<\/p>\n\n\n\n<p><strong>Wirtschaftspr\u00fcfer<\/strong><br>Wirtschaftspr\u00fcferordnung (WPO)<br>Berufssatzung f\u00fcr Wirtschaftspr\u00fcfer \/ vereidigte Buchpr\u00fcfer (BS WP\/vBP)<br>Satzung f\u00fcr Qualit\u00e4tskontrolle gem. \u00a7 57c WPO<br>Siegelverordnung<br>Wirtschaftspr\u00fcfer-Berufshaftpflichtversicherungsverordnung (WPBHV)<\/p>\n\n\n\n<p><strong>Steuerberater<\/strong><br>Steuerberatungsgesetz (StBerG)<br>Satzung \u00fcber die Rechte und Pflichten bei der Aus\u00fcbung der Berufe des Steuerberaters und Steuerbevollm\u00e4chtigten (Berufsordnung &#8211; BOStB)<br>Verordnung zur Durchf\u00fchrung der Vorschriften \u00fcber Steuerberater, Steuerbevollm\u00e4chtigte und Steuerberatungsgesellschaften (DVStB)<br>Steuerberaterverg\u00fctungsverordnung (StBVV)<\/p>\n\n\n\n<p><strong>Rechtsanw\u00e4lte\/Syndikusrechtsanw\u00e4lte<\/strong><br>Bundesrechtsanwaltsordnung (BRAO)<br>Berufsordnung der Rechtsanw\u00e4lte (BORA)<br>Rechtsanwaltsverg\u00fctungsgesetz (RVG) mit Verg\u00fctungsverzeichnis<br>Berufsregeln der Rechtsanw\u00e4lte der Europ\u00e4ischen Union (CCBE-Berufsregeln)<br>Fachanwaltsordnung (FAO)<\/p>\n\n\n\n<p>Die berufsrechtlichen Regelungen k\u00f6nnen bei den im Folgenden aufgef\u00fchrten Kammern jeweils \u00fcber den dort angegebenen Kontakt angefordert werden und teilweise unter deren Homepages eingesehen werden. F\u00fcr die Richtigkeit der dort zur Verf\u00fcgung gestellten Informationen wird keine Gew\u00e4hr \u00fcbernommen.<\/p>\n\n\n\n<h3 class=\"wp-block-heading\">Kammerzugeh\u00f6rigkeiten\/Aufsichtsbeh\u00f6rden:<\/h3>\n\n\n\n<p>Die o.g. Wirtschaftspr\u00fcfer geh\u00f6ren folgender Kammer an und unterliegen deren Aufsicht:<br>Wirtschaftspr\u00fcferkammer Berlin<br>Rauchstra\u00dfe 26, 10787 Berlin, Tel.: 030\/7261610<br><a href=\"&#109;&#x61;&#105;&#x6c;&#116;&#x6f;&#58;&#x6b;&#111;&#x6e;&#116;&#x61;&#107;&#x74;&#64;&#x77;&#112;&#x6b;&#46;&#x64;&#101;\" target=\"_blank\" rel=\"noopener noreferrer\">&#x6b;&#x6f;&#110;&#116;&#97;k&#x74;&#x40;&#x77;&#112;&#107;&#46;d&#x65;<\/a>, <a href=\"http:\/\/www.wpk.de\" target=\"_blank\" rel=\"noopener noreferrer\">www.wpk.de<\/a><\/p>\n\n\n\n<p>Die o.g. Steuerberater geh\u00f6ren folgender Kammer an und unterliegen deren Aufsicht:<br>Steuerberaterkammer Hessen<br>Europa-Allee 52, 60327 Frankfurt am Main, Tel.: 069\/1530020<br><a rel=\"noopener noreferrer\" href=\"&#109;&#x61;i&#108;&#x74;o&#x3a;&#x67;&#101;&#x73;c&#104;&#x61;e&#102;&#x74;&#115;&#x73;t&#101;&#x6c;l&#101;&#x40;&#115;&#x74;&#x62;&#107;&#x2d;h&#101;&#x73;s&#x65;&#x6e;&#46;&#x64;e\" target=\"_blank\">&#x67;&#x65;&#x73;&#x63;&#x68;&#x61;&#x65;&#x66;&#x74;&#x73;&#x73;&#x74;&#x65;&#x6c;&#x6c;&#x65;&#x40;&#x73;&#x74;&#x62;&#x6b;&#x2d;&#x68;&#x65;&#x73;&#x73;&#x65;&#x6e;&#x2e;&#x64;&#x65;<\/a>, <a rel=\"noopener noreferrer\" href=\"http:\/\/www.stbk-hessen.de\" target=\"_blank\">www.stbk-hessen.de<\/a><\/p>\n\n\n\n<p>Steuerberaterkammer M\u00fcnchen<br>Nederlinger Stra\u00dfe 9, 80638 M\u00fcnchen, Tel.: 089\/1579020<br><a href=\"&#105;&#x6e;&#x66;o&#64;&#x73;t&#98;&#x6b;&#x2d;m&#117;&#x2e;d&#101;\" data-type=\"link\" data-id=\"&#x69;&#110;&#x66;&#111;&#64;&#x73;&#116;b&#x6b;&#45;&#x6d;&#x75;&#46;&#x64;&#101;\">i&#110;&#102;&#x6f;&#x40;&#x73;&#x74;b&#107;&#45;&#109;&#x75;&#x2e;&#x64;e<\/a>  <a href=\"http:\/\/www.steuerberaterkammer-muenchen.de\" data-type=\"link\" data-id=\"www.steuerberaterkammer-muenchen.de\">www.steuerberaterkammer-muenchen.de<\/a><\/p>\n\n\n\n<p>Die o.g. Rechtsanw\u00e4lte geh\u00f6ren folgenden Kammern an und unterliegen deren Aufsicht:<br>Rechtsanwaltskammer Frankfurt am Main<br>Bockenheimer Anlage 36, 60322 Frankfurt am Main, Tel.: 069\/17009801<br><a href=\"&#109;&#x61;&#x69;&#108;&#x74;&#x6f;:&#x69;&#x6e;f&#111;&#x40;r&#97;&#x6b;-&#102;&#x66;m&#46;&#x64;e\" target=\"_blank\" rel=\"noopener noreferrer\">&#x69;n&#x66;&#111;&#64;&#x72;&#97;&#x6b;&#x2d;f&#x66;&#109;&#46;&#x64;&#101;<\/a>, <a href=\"http:\/\/www.rechtsanwaltskammer-ffm.de\" target=\"_blank\" rel=\"noopener noreferrer\">www.rechtsanwaltskammer-ffm.de<\/a><\/p>\n\n\n\n<h3 class=\"wp-block-heading\">Berufshaftpflichtversicherung<\/h3>\n\n\n\n<p>Es besteht eine Berufshaftpflichtversicherung (Verm\u00f6gensschadenshaftpflicht) bei:<br>HDI-Gerling Firmen und Privat Versicherungs AG<br>Charles-de-Gaulle-Platz 1, 50679 K\u00f6ln<br>deren r\u00e4umlicher Geltungsbereich umfasst die Bundesrepublik Deutschland und das europ\u00e4ische Ausland, die T\u00fcrkei und die Staaten auf dem Gebiet der ehemaligen Sowjetunion.<\/p>\n\n\n\n<h3 class=\"wp-block-heading\">Au\u00dfergerichtliche Streitbeilegung:<\/h3>\n\n\n\n<p>Gem\u00e4\u00df unserer Verpflichtung nach \u00a7 36 Abs. 1 Verbraucherstreitbeilegungsgesetz (VSBG) erkl\u00e4ren wir, dass wir weder bereit, noch verpflichtet sind, an einem Streitbeilegungsverfahren vor einer Verbraucherschlichtungsstelle im Sinne des \u00a7 2 VSGB teilzunehmen. Gem\u00e4\u00df unserer Verpflichtung aus der Verordnung \u00fcber Online-Streitbeilegung in Verbraucherangelegenheiten weisen wir darauf hin, dass die Plattform der EU zur au\u00dfergerichtlichen Online-Streitbeilegung wie folgt zu erreichen ist: <a href=\"http:\/\/ec.europa.eu\/consumers\/odr\/\" target=\"_blank\" rel=\"noopener noreferrer\">http:\/\/ec.europa.eu\/consumers\/odr\/<\/a>.<\/p>\n\n\n\n<p>Sie k\u00f6nnen unter der E-Mail-Adresse <a href=\"&#109;&#97;&#x69;l&#116;&#x6f;&#x3a;i&#110;&#x66;&#x6f;&#64;&#115;&#x63;&#x68;i&#102;&#x66;&#x6d;a&#114;&#x74;&#x69;n&#105;&#x2e;c&#111;&#109;\" target=\"_blank\" rel=\"noopener noreferrer\">info&#64;&#115;&#99;&#104;&#105;&#x66;&#x66;&#x6d;&#x61;&#x72;&#x74;&#x69;ni&#46;c&#111;&#109;<\/a> mit uns in Kontakt treten.<\/p>\n\n\n\n<h3 class=\"wp-block-heading\">Journalistisch-redaktionell Verantwortlicher i.S.d. \u00a7 55 Abs. 2 RStV:<\/h3>\n\n\n\n<p>Roland Schiff-Martini<br>Schiff-Martini &amp; Cie GmbH<br>Wirtschaftspr\u00fcfungsgesellschaft\/Steuerberatungsgesellschaft<br>Amelia-Mary-Earhart-Stra\u00dfe 8<br>D-60549 Frankfurt am Main<\/p>\n\n\n\n<h3 class=\"wp-block-heading\">Bildnachweis:<\/h3>\n\n\n\n<p><a href=\"https:\/\/stock.adobe.com\/de\" target=\"_blank\" rel=\"noopener noreferrer\">https:\/\/stock.adobe.com\/de<\/a><br>\u00a9 leeyiutung <a href=\"https:\/\/stock.adobe.com\/de\/images\/reflection-of-urban-skyline-on-modern-office-building\/84698355\" target=\"_blank\" rel=\"noopener noreferrer\">Bilddatei<\/a> 84698355 &#8211; Reflection of urban skyline on modern office building<br>\u00a9 vizafoto <a href=\"https:\/\/stock.adobe.com\/de\/images\/business-accounting\/70689586\" target=\"_blank\" rel=\"noopener noreferrer\">Bilddatei<\/a> 70689586 &#8211; Business accounting<br>\u00a9 AJAY S <a href=\"https:\/\/stock.adobe.com\/de\/images\/mumbai-skyline\/124020448\" target=\"_blank\" rel=\"noopener noreferrer\">Bilddatei<\/a> 124020448 &#8211; MUMBAI SKYLINE<br>\u00a9 v.poth <a href=\"https:\/\/stock.adobe.com\/de\/images\/finanzen-euro-munzstapel-kugelschreiber-tabellen-und-taschenrechner-hintergrund\/167814241\" target=\"_blank\" rel=\"noopener noreferrer\">Bilddatei<\/a> 167814241 &#8211; Finanzen, Euro M\u00fcnzstapel, Kugelschreiber, Tabellen, und Taschenrechner, Hintergrund<br>\u00a9 sumire8 <a href=\"https:\/\/stock.adobe.com\/de\/images\/%E3%82%B0%E3%83%AD%E3%83%BC%E3%83%90%E3%83%AB%E3%83%93%E3%82%B8%E3%83%8D%E3%82%B9-%E3%82%AC%E3%83%A9%E3%82%B9%E8%A3%BD%E3%81%AE%E5%9C%B0%E7%90%83%E3%81%A8%E3%83%95%E3%82%A1%E3%82%A4%E3%83%8A%E3%83%B3%E3%82%B7%E3%83%A3%E3%83%AB%E3%83%81%E3%83%A3%E3%83%BC%E3%83%88\/106734971\" target=\"_blank\" rel=\"noopener noreferrer\">Bilddatei<\/a> 106734971 &#8211; \u30b0\u30ed\u30fc\u30d0\u30eb\u30d3\u30b8\u30cd\u30b9\/\u30ac\u30e9\u30b9\u88fd\u306e\u5730\u7403\u3068\u30d5\u30a1\u30a4\u30ca\u30f3\u30b7\u30e3\u30eb\u30c1\u30e3\u30fc\u30c8<br>\u00a9 mat <a href=\"https:\/\/stock.adobe.com\/de\/images\/port-pci-express\/56177272\" target=\"_blank\" rel=\"noopener noreferrer\">Bilddatei<\/a> 56177272 &#8211; port pci express<br>\u00a9 peterschreiber.media <a href=\"https:\/\/stock.adobe.com\/de\/images\/offene-tur-vor-sonnigem-appartment-mit-schlusseln-im-schloss\/149656666\" target=\"_blank\" rel=\"noopener noreferrer\">Bilddatei<\/a> 149656666 &#8211; Offene T\u00fcr vor sonnigem Appartment mit Schl\u00fcsseln im Schloss<br>\u00a9 zinkevych <a href=\"https:\/\/stock.adobe.com\/de\/images\/young-business-man-standing-in-front-of-his-co-workers-talking\/82713729\" target=\"_blank\" rel=\"noopener noreferrer\">Bilddatei<\/a> 62586321 &#8211; Young business man standing in front of his co-workers talking<br>\u00a9 studiopure <a href=\"https:\/\/stock.adobe.com\/de\/images\/%E5%87%A6%E6%96%B9%E7%AE%8B%E3%81%AE%E8%96%AC\/62586321\" target=\"_blank\" rel=\"noopener noreferrer\">Bilddatei<\/a> 62586321 &#8211; \u51e6\u65b9\u7b8b\u306e\u85ac<br>\u00a9 ClaudiK <a href=\"https:\/\/stock.adobe.com\/de\/images\/closeup-fashion-image-of-luxury-watch-on-wrist-of-man-body-detail-of-a-business-man-man-s-hand-in-a-white-shirt-blue-jacket-in-a-pants-pocket-closeup-tonal-correction-man-posing-in-blue-suit\/172609701\" target=\"_blank\" rel=\"noopener noreferrer\">Bilddatei<\/a> 172609701 &#8211; Closeup fashion image of luxury watch on wrist of man.body detail of a business man.Man&#8217;s hand in a white shirt,blue jacket in a pants pocket closeup. Tonal correction.Man posing in blue suit<br>\u00a9 norikko <a href=\"https:\/\/stock.adobe.com\/de\/images\/headlight-of-the-white-car\/85402817\" target=\"_blank\" rel=\"noopener noreferrer\">Bilddatei<\/a> 85402817 &#8211; \u767d\u3044\u8eca\u306e\u30d8\u30c3\u30c9\u30e9\u30a4\u30c8Headlight of the white car<br>\u00a9 fotomek <a href=\"https:\/\/stock.adobe.com\/de\/images\/kontakt-wurfel-aufeiner-tastatur\/119125902\" target=\"_blank\" rel=\"noopener noreferrer\">Bilddatei<\/a> 119125902 &#8211; Kontakt &#8211; W\u00fcrfel aufeiner Tastatur<br>\u00a9 metamorworks <a href=\"https:\/\/stock.adobe.com\/de\/images\/global-business-concept-group-of-businessperson-shaking-hands\/180063165\" target=\"_blank\" rel=\"noopener noreferrer\">Bilddatei<\/a> 180063165 &#8211; Global business concept. Group of businessperson shaking hands.<br>\u00a9 vectorfusionart <a href=\"https:\/\/stock.adobe.com\/de\/images\/composite-image-of-sportswoman-finishing-her-run\/114112369\" target=\"_blank\" rel=\"noopener noreferrer\">Bilddatei<\/a> 114112369 &#8211; Composite image of sportswoman finishing her run<br>\u00a9 TTstudio <a href=\"https:\/\/stock.adobe.com\/de\/images\/new-york-cityscape-usa\/113133173\" target=\"_blank\" rel=\"noopener noreferrer\">Bilddatei<\/a> 113133173 &#8211; New York cityscape, USA<br>\u00a9 moofushi <a href=\"https:\/\/stock.adobe.com\/de\/images\/die-skyline-von-london-von-der-tower-bridge-bis-zum-tower-bei-sonnenuntergang\/178881993\" target=\"_blank\" rel=\"noopener noreferrer\">Bilddatei<\/a> 178881993 &#8211; Die Skyline von London: von der Tower Bridge bis zum Tower bei Sonnenuntergang<br>\u00a9 fotogestoeber <a href=\"https:\/\/stock.adobe.com\/de\/images\/daumen-hoch\/55786340\" target=\"_blank\" rel=\"noopener noreferrer\">Bilddatei<\/a> 55786340 &#8211; Daumen-Hoch<br>\u00a9 Rawpixel.com <a href=\"https:\/\/stock.adobe.com\/de\/images\/business-people-busy-with-mobile-and-reading-newspaper\/197966312\" target=\"_blank\" rel=\"noopener noreferrer\">Bilddatei<\/a> 197966312 &#8211; Business people busy with mobile and reading newspaper<br>\u00a9 Maksim Pasko <a href=\"https:\/\/stock.adobe.com\/de\/images\/global-network-world\/139229319\" target=\"_blank\" rel=\"noopener noreferrer\">Bilddatei<\/a> 139229319 &#8211; Global network World<br>\u00a9 lassedesignen <a href=\"https:\/\/stock.adobe.com\/de\/images\/brille-vor-new-yorker-skyline\/118134621\" target=\"_blank\" rel=\"noopener noreferrer\">Bilddatei<\/a> 118134621 &#8211; Brille vor New Yorker Skyline<br>\u00a9 sara_winter <a href=\"https:\/\/stock.adobe.com\/at\/images\/skyline-of-tokyo-japan-with-the-tokyo-tower-from-above\/96823412\" target=\"_blank\" rel=\"noopener noreferrer\">Bilddatei<\/a> 96823412 &#8211; Skyline of Tokyo, Japan with the Tokyo Tower, from above<br>\u00a9 shock <a href=\"https:\/\/stock.adobe.com\/de\/search?as_channel=dpcft&amp;as_source=ft_web&amp;as_campaign=de_interception&amp;as_campclass=brand&amp;as_content=lp_search&amp;k=Frau+in+Bibliothek&amp;asset_id=112572554\" target=\"_blank\" rel=\"noopener noreferrer\">Bilddatei<\/a> 112572554 &#8211; female student study in library, using tablet and searching for<br>\u00a9 seksan94 <a href=\"https:\/\/stock.adobe.com\/ee\/images\/picture-of-man-hands-with-gambling-dices-signing-contract\/132324630\" target=\"_blank\" rel=\"noopener noreferrer\">Bilddatei<\/a> 132324630 &#8211; picture of man hands with gambling dices signing contract<br>\u00a9 Rawf8 <a href=\"https:\/\/stock.adobe.com\/ee\/images\/woman-and-an-exercise-mat-in-an-office-background\/174490202\" target=\"_blank\" rel=\"noopener noreferrer\">Bilddatei<\/a> 174490202 &#8211; Woman and an exercise mat in an office background<br>\u00a9 aerogondo <a href=\"https:\/\/stock.adobe.com\/ee\/images\/business-meeting-room\/39905600\" target=\"_blank\" rel=\"noopener noreferrer\">Bilddatei<\/a> 39905600 &#8211; business meeting room<br>\u00a9 SeanPavonePhoto <a href=\"https:\/\/stock.adobe.com\/de\/images\/frankfurt-germany\/57357331\" target=\"_blank\" rel=\"noopener noreferrer\">Bilddatei<\/a> 39905600 &#8211; Frankfurt Germany<br>\u00a9 howtogoto <a href=\"https:\/\/stock.adobe.com\/ee\/images\/business-partners-trust-in-team-giving-fist-bump-to-greeting-start-up-project-contractor-businessman-teamwork-are-partnership-in-office-team-meeting-with-hands-together-industry-business-work-concept\/189428204\" target=\"_blank\" rel=\"noopener noreferrer\">Bilddatei<\/a> 189428204 &#8211; Business Partners Trust in Team Giving Fist Bump to Greeting Start up project Contractor.Businessman Teamwork are Partnership in Office Team Meeting with Hands together. Industry Business Work Concept<\/p>\n\n\n\n<p><a rel=\"noopener noreferrer\" href=\"https:\/\/de.123rf.com\" target=\"_blank\">https:\/\/de.123rf.com<\/a><br>\u00a9 Dmitrii Shironosov <a rel=\"noopener noreferrer\" href=\"https:\/\/de.123rf.com\/photo_27770460_image-of-business-objects-and-two-young-businessmen-discussing-document-in-touchpad-at-meeting.html\" target=\"_blank\">Bilddatei<\/a> 27770460 &#8211; Bild von Business-Objekten und zwei junge Gesch\u00e4ftsleute diskutieren Dokument Touchpad auf der Sitzung<br>\u00a9 Cathy Yeulet <a rel=\"noopener noreferrer\" href=\"https:\/\/de.123rf.com\/photo_24489910_group-of-runners-on-suburban-street.html?downloaded=1\" target=\"_blank\">Bilddatei<\/a> 24489910 &#8211; Standard-Bild &#8211; Gruppe von L\u00e4ufern auf Vorstadtstra\u00dfe<br>\u00a9 dmitrydesigner <a rel=\"noopener noreferrer\" href=\"https:\/\/de.123rf.com\/photo_93560697_ruderteam-der-frauen-auf-blauem-wasser-draufsicht.html\" target=\"_blank\">Bilddatei<\/a> 93560697 &#8211; Standard-Bild &#8211; Ruderteam der Frauen auf blauem Wasser, Draufsicht<br><br><a href=\"https:\/\/www.flaticon.com\/\n\">https:\/\/www.flaticon.com<br><\/a><a href=\"https:\/\/www.flaticon.com\/de\/kostenlose-icons\/geschaft-und-finanzen\">Gesch\u00e4ft und finanzen Icons erstellt von manshagraphics &#8211; Flaticon<\/a><br>https:\/\/support.flaticon.com\/s\/article\/Attribution-How-when-and-where-FI?language=en_US <br><\/p>\n\n\n\n<p><a href=\"https:\/\/pixabay.com\" target=\"_blank\" rel=\"noopener noreferrer\">https:\/\/pixabay.com<\/a><br>\u00a9 krzysztof-m <a href=\"https:\/\/pixabay.com\/de\/vectors\/wolke-cloud-computing-3442528\/\" target=\"_blank\" rel=\"noopener noreferrer\">Bilddatei<\/a> 62586321 &#8211; wolke cloud-computing die kombination von daten<br>\u00a9 IO-Images&nbsp;<a href=\"https:\/\/pixabay.com\/de\/vectors\/information-info-tipps-icon-1481584\/\">Bilddatei<\/a> 1481584 &#8211; information-info-tipps-icon<br>\u00a9 IO-Images&nbsp;&nbsp;<a href=\"https:\/\/pixabay.com\/de\/vectors\/brief-email-newsletter-schreiben-1132703\/\">Bilddatei<\/a> 1132703 &#8211; brief-email-newsletter-schreiben<\/p>\n","protected":false},"excerpt":{"rendered":"<p>Informationspflichten gem\u00e4\u00df \u00a7 5 DDG: Das Internetangebot wird herausgegeben von: Schiff-Martini &amp; Cie. GmbH (nachfolgend SMC genannt)Wirtschaftspr\u00fcfungsgesellschaft \/ SteuerberatungsgesellschaftAmelia-Mary-Earhart-Stra\u00dfe 8D-60549 Frankfurt am MainTel.: +49 (69) 631564-0E-Mail: &#x69;&#x6e;&#102;o&#x40;&#x73;&#99;hi&#x66;&#x66;&#109;a&#x72;&#x74;&#105;&#110;i&#x2e;&#x63;&#111;mUSt.-ID: DE271491460Handelsregister des Amtsgerichts Frankfurt am Main, Nummer HRB 56676 Datenschutzbeauftragter:Reinhold GoetzDipl.Ing. NachrichtentechnikKampstr.6, 50374 ErftstadtTel. 02235-9947997, Fax 02235-9947998E-Mail:&nbsp;&#x72;&#103;&#111;&#x65;&#x74;&#122;&#64;&#x64;&#x61;&#116;&#101;&#x6e;&#x73;&#99;&#104;&#x75;&#x74;&#122;&#115;&#x65;&#x72;&#118;&#105;&#x63;&#x65;&#46;&#110;&#x72;&#x77;Internet: www.datenschutzservice.nrwUSt-IdNr. DE259375797Zertifizierter Datenschutzbeauftragter und -auditor T\u00dcVZertifizierte Datenschutzfachkraft DEKRARegistrierter Fachberater beim Bundesamt [&hellip;]<\/p>\n","protected":false},"author":1,"featured_media":2348,"parent":0,"menu_order":70,"comment_status":"closed","ping_status":"closed","template":"","meta":{"footnotes":"","_links_to":"","_links_to_target":""},"acf":[],"_links":{"self":[{"href":"https:\/\/www.schiffmartini.com\/de\/wp-json\/wp\/v2\/pages\/246"}],"collection":[{"href":"https:\/\/www.schiffmartini.com\/de\/wp-json\/wp\/v2\/pages"}],"about":[{"href":"https:\/\/www.schiffmartini.com\/de\/wp-json\/wp\/v2\/types\/page"}],"author":[{"embeddable":true,"href":"https:\/\/www.schiffmartini.com\/de\/wp-json\/wp\/v2\/users\/1"}],"replies":[{"embeddable":true,"href":"https:\/\/www.schiffmartini.com\/de\/wp-json\/wp\/v2\/comments?post=246"}],"version-history":[{"count":113,"href":"https:\/\/www.schiffmartini.com\/de\/wp-json\/wp\/v2\/pages\/246\/revisions"}],"predecessor-version":[{"id":9679,"href":"https:\/\/www.schiffmartini.com\/de\/wp-json\/wp\/v2\/pages\/246\/revisions\/9679"}],"wp:featuredmedia":[{"embeddable":true,"href":"https:\/\/www.schiffmartini.com\/de\/wp-json\/wp\/v2\/media\/2348"}],"wp:attachment":[{"href":"https:\/\/www.schiffmartini.com\/de\/wp-json\/wp\/v2\/media?parent=246"}],"curies":[{"name":"wp","href":"https:\/\/api.w.org\/{rel}","templated":true}]}}