{"id":3986,"date":"2019-07-11T14:17:06","date_gmt":"2019-07-11T13:17:06","guid":{"rendered":"https:\/\/www.schiffmartini.com\/?page_id=3986"},"modified":"2026-03-16T11:45:03","modified_gmt":"2026-03-16T10:45:03","slug":"dataexchange","status":"publish","type":"page","link":"https:\/\/www.schiffmartini.com\/de\/kontakt2\/dataexchange\/","title":{"rendered":"Datenaustausch"},"content":{"rendered":"<div class=\"text\" align=\"center\">Willkommen zu den Datenaustauschplattformen von SMC. Bitte w\u00e4hlen Sie die gew\u00fcnschte Form f\u00fcr den Datenaustausch.<br \/>\nSie sind sich nicht sicher, welche? Bitte kontaktieren Sie uns.<\/div>\n<div class=\"row\">\n<div class=\"column\">\n<p class=\"MsoNormal\" style=\"margin-bottom: 10pt; text-align: center; line-height: normal;\" align=\"center\"><a href=\"https:\/\/des.schiffmartini.com\/\" target=\"_blank\" rel=\"noopener noreferrer\"><span style=\"color: windowtext; text-decoration: none;\"><img decoding=\"async\" id=\"Grafik 1\" src=\"https:\/\/www.schiffmartini.com\/wp-content\/uploads\/2019\/07\/Cloud-icon.png\" width=\"206\" height=\"208\" border=\"0\" \/><\/span><\/a><\/p>\n<\/div>\n<div class=\"column\">\n<p class=\"MsoNormal\" style=\"margin-bottom: 10pt; text-align: center; line-height: normal;\" align=\"center\"><a href=\"https:\/\/duo.datev.de\" data-wplink-edit=\"true\"><img decoding=\"async\" id=\"Grafik 1\" class=\"alignnone\" style=\"margin-top: 14%;\" src=\"https:\/\/www.schiffmartini.com\/wp-content\/uploads\/2019\/07\/unternehmen-online-1.jpg\" alt=\"\" width=\"206\" height=\"208\" border=\"0\" \/><\/a><\/p>\n<\/div>\n<\/div>\n<div class=\"row\">\n<div class=\"column\" align=\"center\"><strong>Data Exchange System<\/strong><\/div>\n<div class=\"column\" align=\"center\"><strong>DATEV Unternehmen Online<br \/>\n<\/strong><\/div>\n<\/div>\n<div class=\"row\">\n<div class=\"column\" align=\"justify\">Data Exchange System ist eine internetbasierte Plattform f\u00fcr den Austausch von Belegen und Ordnern zwischen Mandant und SMC. Es kann f\u00fcr alle Arten von Dokumenten eingesetzt werden. Es handelt sich um einen sicheren Zugang, der \u00fcber eine Internetseite weltweit ge\u00f6ffnet werden kann.<\/div>\n<div class=\"column\" align=\"justify\">DATEV UNTERNEHMEN ONLINE ist eine internetbasierte Plattform f\u00fcr den Austausch von Belegen und Daten zwischen Mandant und SMC. Es kann f\u00fcr Finanzbuchf\u00fchrung sowie Personalwirtschaft eingesetzt werden. Es handelt sich um eine sichere Rechenzentrumsl\u00f6sung, die \u00fcber eine Internetseite weltweit ge\u00f6ffnet werden kann.<\/div>\n<\/div>\n","protected":false},"excerpt":{"rendered":"<p>Willkommen zu den Datenaustauschplattformen von SMC. Bitte w\u00e4hlen Sie die gew\u00fcnschte Form f\u00fcr den Datenaustausch. Sie sind sich nicht sicher, welche? Bitte kontaktieren Sie uns. Data Exchange System DATEV Unternehmen Online Data Exchange System ist eine internetbasierte Plattform f\u00fcr den Austausch von Belegen und Ordnern zwischen Mandant und SMC. Es kann f\u00fcr alle Arten von [&hellip;]<\/p>\n","protected":false},"author":5,"featured_media":491,"parent":3992,"menu_order":60,"comment_status":"closed","ping_status":"closed","template":"","meta":{"footnotes":"","_links_to":"","_links_to_target":""},"acf":[],"_links":{"self":[{"href":"https:\/\/www.schiffmartini.com\/de\/wp-json\/wp\/v2\/pages\/3986"}],"collection":[{"href":"https:\/\/www.schiffmartini.com\/de\/wp-json\/wp\/v2\/pages"}],"about":[{"href":"https:\/\/www.schiffmartini.com\/de\/wp-json\/wp\/v2\/types\/page"}],"author":[{"embeddable":true,"href":"https:\/\/www.schiffmartini.com\/de\/wp-json\/wp\/v2\/users\/5"}],"replies":[{"embeddable":true,"href":"https:\/\/www.schiffmartini.com\/de\/wp-json\/wp\/v2\/comments?post=3986"}],"version-history":[{"count":47,"href":"https:\/\/www.schiffmartini.com\/de\/wp-json\/wp\/v2\/pages\/3986\/revisions"}],"predecessor-version":[{"id":9677,"href":"https:\/\/www.schiffmartini.com\/de\/wp-json\/wp\/v2\/pages\/3986\/revisions\/9677"}],"up":[{"embeddable":true,"href":"https:\/\/www.schiffmartini.com\/de\/wp-json\/wp\/v2\/pages\/3992"}],"wp:featuredmedia":[{"embeddable":true,"href":"https:\/\/www.schiffmartini.com\/de\/wp-json\/wp\/v2\/media\/491"}],"wp:attachment":[{"href":"https:\/\/www.schiffmartini.com\/de\/wp-json\/wp\/v2\/media?parent=3986"}],"curies":[{"name":"wp","href":"https:\/\/api.w.org\/{rel}","templated":true}]}}