{"id":8127,"date":"2025-01-15T09:32:39","date_gmt":"2025-01-15T08:32:39","guid":{"rendered":"https:\/\/www.schiffmartini.com\/?page_id=8127"},"modified":"2025-01-15T13:22:07","modified_gmt":"2025-01-15T12:22:07","slug":"datenschutzerklarung-zum-social-media-angebot","status":"publish","type":"page","link":"https:\/\/www.schiffmartini.com\/de\/datenschutzerklarung-zum-social-media-angebot\/","title":{"rendered":"Datenschutzerkl\u00e4rung zum Social-Media-Angebot"},"content":{"rendered":"\n<h3 class=\"wp-block-heading\">Datenschutzerkl\u00e4rung<\/h3>\n\n\n\n<p>Die Schiff-Martini &amp; Cie. GmbH (nachfolgend \u201eSMC\u201c genannt) ist die verantwortliche Stelle im Sinne des Datenschutzrechts.<\/p>\n\n\n\n<p><strong>Die Kontaktdaten des Verantwortlichen lauten:<\/strong><\/p>\n\n\n\n<p>Schiff-Martini &amp; Cie. GmbH<\/p>\n\n\n\n<p>Wirtschaftspr\u00fcfungsgesellschaft \/ Steuerberatungsgesellschaft<\/p>\n\n\n\n<p>Amelia-Mary-Earhart-Stra\u00dfe 8<\/p>\n\n\n\n<p>D-60549 Frankfurt am Main<\/p>\n\n\n\n<p>E-Mail: &#105;&#x6e;&#x66;&#111;&#x40;&#x73;c&#x68;&#x69;f&#102;&#x6d;a&#114;&#x74;i&#110;&#x69;&#46;&#99;&#x6f;m<\/p>\n\n\n\n<p>Telefon: +49 (0) 69-63 15 64 0<\/p>\n\n\n\n<p>_________________________________________________________________<\/p>\n\n\n\n<ul>\n<li><a href=\"#datenschutzerklaerung-facebook\">Zur Datenschutzerkl\u00e4rung f\u00fcr den SMC-Auftritt auf Facebook<\/a><\/li>\n\n\n\n<li><a href=\"#datenschutzerklaerung-instagram\">Zur Datenschutzerkl\u00e4rung f\u00fcr die SMC-Auftritte auf Instagram<\/a><\/li>\n\n\n\n<li><a href=\"#datenschutzerklaerung-linkedin\">Zur Datenschutzerkl\u00e4rung f\u00fcr die SMC-Auftritte auf LinkedIn<\/a> <\/li>\n\n\n\n<li><a href=\"#datenschutzerklaerung-xing\">Zur Datenschutzerkl\u00e4rung f\u00fcr die SMC-Auftritte auf XING<\/a><\/li>\n<\/ul>\n\n\n\n<p>_________________________________________________________________<\/p>\n\n\n\n<p><strong>Der Datenschutzbeauftragte ist:<\/strong><\/p>\n\n\n\n<p>Herr Reinhold Goetz<\/p>\n\n\n\n<p>Dipl. Ing. Nachrichtentechnik<\/p>\n\n\n\n<p>Ingenieurb\u00fcro f\u00fcr Datenschutz- und Informationsmanagement<\/p>\n\n\n\n<p>Kampstr.6<\/p>\n\n\n\n<p>D-50374 Erftstadt<\/p>\n\n\n\n<p>E-Mail: &#114;&#x67;o&#101;&#x74;z&#x40;&#x64;&#97;&#x74;e&#110;&#x73;c&#104;&#x75;&#116;&#x7a;s&#101;&#x72;v&#105;&#x63;&#101;&#x2e;&#x6e;&#114;&#x77;<\/p>\n\n\n\n<p>Telefon: +49 (0) 2235 \u2013 99 47 99 7<\/p>\n\n\n\n<h3 class=\"wp-block-heading\">\u00c4nderungen dieser Datenschutzerkl\u00e4rung<\/h3>\n\n\n\n<p>Wir behalten uns das Recht vor, diese Datenschutzerkl\u00e4rung jederzeit mit Wirkung f\u00fcr die Zukunft zu \u00e4ndern. Die jeweils aktuelle Version ist auf unserem Internetauftritt verf\u00fcgbar. Bitte besuchen Sie unseren Internetauftritt regelm\u00e4\u00dfig auf und informieren Sie sich \u00fcber die jeweils geltenden Datenschutzbestimmungen.<\/p>\n\n\n\n<p>Die nachfolgenden Hinweise betreffen das Informationsangebot im Social Web von SMC.<\/p>\n\n\n\n<p>Der Betrieb der Facebook-Seite sowie der anderen sozialen Netze dient einer nachhaltigen und transparenten Information und Kommunikation mit Mandanten, Mitarbeitern und interessierten B\u00fcrgerinnen und B\u00fcrgern. Weitergehende Verwaltungsaufgaben werden nicht erbracht. Rechtsgrundlage f\u00fcr den Betrieb der Fanpage und der anderen sozialen Netze ist \u00a7 4 Landesdatenschutzgesetz; die Fanpage und die SMC-Auftritte in den sozialen Netzen dienen der Aufgabenwahrnehmung im Rahmen der \u00d6ffentlichkeitsarbeit.<\/p>\n\n\n\n<p>Es handelt sich dabei um ein Zusatzangebot zu den bereits bestehenden Informations- und Kommunikationsangeboten von SMC. Die vorgenannten Alternativen sowie Hinweise zur alternativen Kontaktaufnahme finden Sie auf der Startseite unserer Webseite und den dort aufgef\u00fchrten Kontaktdetails in der Fu\u00dfzeile. Kontaktdaten der einzelnen Bezirkskammern finden Sie auf unserer Webseite und den dort aufgef\u00fchrten Kontaktdetails.<\/p>\n\n\n\n<p>Bei Fragen zu unserem Informationsangebot im Social Web k\u00f6nnen Sie uns unter Telefon +49 (0) 69 631564-912 oder &#x6d;&#x61;&#x72;&#x6b;&#x65;&#x74;&#x69;&#x6e;&#x67;&#x40;&#x73;&#99;&#104;&#105;&#102;&#102;&#109;&#97;rtini&#46;&#x63;&#x6f;&#x6d; erreichen.<\/p>\n\n\n\n<h3 class=\"wp-block-heading\" id=\"datenschutzerklaerung-facebook\">Datenschutzerkl\u00e4rung f\u00fcr den SMC-Auftritt auf Facebook<\/h3>\n\n\n\n<p>SMC greift f\u00fcr den angebotenen Informationsdienst auf die technische Plattform und die Dienste der Meta Platforms Ireland Limited, Merrion Road, Dublin 4, D04 X2K5, Irland zur\u00fcck.<\/p>\n\n\n\n<p>Wir weisen Sie darauf hin, dass Sie die Facebook-Seite und ihre Funktionen in eigener Verantwortung nutzen. Dies gilt insbesondere f\u00fcr die interaktiven Funktionen (zum Beispiel Kommentieren, Teilen, Bewerten). Meta verarbeitet personenbezogene Daten zu Ihrem Account, Ihrer IP-Adresse wie auch zu Ihren eingesetzten Endger\u00e4ten; Cookies werden f\u00fcr die Datenerfassung eingesetzt. Hier handelt es sich um kleine Dateien, die auf Ihren Endger\u00e4ten abgelegt werden. Welche Informationen Meta erh\u00e4lt und wie diese verwendet werden, beschreibt Meta in allgemeiner Form in seinen <a href=\"https:\/\/de-de.facebook.com\/privacy\/policy\/\" data-type=\"link\" data-id=\"https:\/\/de-de.facebook.com\/privacy\/policy\/\" target=\"_blank\" rel=\"noreferrer noopener\">Datenschutzrichtlinien<\/a>. Dort finden Sie auch Informationen \u00fcber Kontaktm\u00f6glichkeiten zu Meta, den Widerspruchsm\u00f6glichkeiten sowie zu den Einstellm\u00f6glichkeiten f\u00fcr Werbeanzeigen.<\/p>\n\n\n\n<p>Die Informationen k\u00f6nnen von Meta verwendet werden, um uns als Betreiber der Facebook-Seiten statistische Informationen wie etwa Geschlechter- und Altersverteilung \u00fcber die Inanspruchnahme der Facebook-Seite zur Verf\u00fcgung zu stellen. Dar\u00fcber hinaus kann Meta Ihnen entsprechend Ihren Pr\u00e4ferenzen weitergehende Informationen oder Werbeanzeigen anzeigen. N\u00e4here Informationen hierzu finden Sie im <a href=\"https:\/\/www.facebook.com\/help?ref=www.meta.com%2Fhelp\" data-type=\"link\" data-id=\"https:\/\/www.facebook.com\/help?ref=www.meta.com%2Fhelp\">Hilfebereich bei Meta<\/a>.<\/p>\n\n\n\n<p>Die in diesem Zusammenhang \u00fcber Sie erhobenen Daten werden von der Meta Platforms Ireland Ltd verarbeitet und dabei gegebenenfalls in L\u00e4nder au\u00dferhalb der Europ\u00e4ischen Union \u00fcbertragen.<\/p>\n\n\n\n<p>Besuchen Sie einen unserer Auftritte in den sozialen Medien (z.B. Facebook) l\u00f6sen Sie bei einem solchen Besuch eine Verarbeitung Ihrer personenbezogenen Daten aus. In diesem Fall sind wir gemeinsam mit dem Betreiber des jeweiligen sozialen Netzwerks f\u00fcr die Datenverarbeitungsvorg\u00e4nge im Sinne des Art. 26 DSGVO verantwortlich, sofern wir tats\u00e4chlich eine gemeinsame Entscheidung mit dem Betreiber des Sozialen Netzwerks \u00fcber die Datenverarbeitung treffen und wir auch einen Einfluss auf die Datenverarbeitung nehmen. Soweit m\u00f6glich, haben wir mit den Betreibern der Sozialen Netzwerke Vereinbarungen zur Gemeinsamen Verantwortlichkeit nach Art. Art. 26 DSGVO abgeschlossen, so insbesondere das Page Controller Addendums von Meta Ireland Ltd. Ihre Rechte (Auskunftsrecht gem. Art. 15 DSGVO, Recht auf Berichtigung gem. Art. 16 DSGVO, Recht auf L\u00f6schung gem. Art. 17 DSGVO, Recht auf Einschr\u00e4nkung der Verarbeitung gem. Art. 18 DSGVO, Recht auf Daten\u00fcbertragbarkeit gem. Art. 20 DSGVO und Recht auf Beschwerde gem. Art. 77 DSGVO ) k\u00f6nnen Sie grunds\u00e4tzlich sowohl gegen\u00fcber uns als auch gegen\u00fcber dem Betreiber des jeweiligen sozialen Netzwerks (z.B. Facebook) geltend machen.<\/p>\n\n\n\n<p>Wir bitte Sie zu beachten, dass wir trotz der gemeinsamen Verantwortlichkeit nach Art. 26 DSGVO mit den Betreibern sozialer Netzwerke keinen vollumf\u00e4nglichen Einfluss auf die Datenverarbeitung der einzelnen sozialen Netzwerke haben. Die Unternehmenspolitik des jeweiligen Anbieters hat ma\u00dfgeblichen Einfluss auf unsere M\u00f6glichkeiten. Im Fall der Geltendmachtung von Betroffenenrechten k\u00f6nnten wir diese Anfragen nur an den Betreiber des sozialen Netzwerks weiterleiten.<\/p>\n\n\n\n<p>In welcher Weise Meta die Daten aus dem Besuch von Facebook-Seiten f\u00fcr eigene Zwecke verwendet, in welchem Umfang Aktivit\u00e4ten auf der Facebook-Seite einzelnen Nutzern zugeordnet werden, wie lange Meta diese Daten speichert und ob Daten aus einem Besuch der Facebook-Seite an Dritte weitergegeben werden, wird von Meta nicht abschlie\u00dfend und klar benannt und ist uns nicht bekannt.<\/p>\n\n\n\n<p>Beim Zugriff auf eine Facebook-Seite wird die Ihrem Endger\u00e4te zugeteilte IP-Adresse an Meta \u00fcbermittelt. Nach Auskunft von Meta wird diese IP-Adresse anonymisiert (bei \u201edeutschen\u201d IP-Adressen) und nach 90 Tagen gel\u00f6scht. Meta speichert dar\u00fcber hinaus Informationen \u00fcber die Endger\u00e4te seiner Nutzer (zum Beispiel im Rahmen der Funktion \u201eAnmeldebenachrichtigung\u201c); gegebenenfalls ist Meta damit eine Zuordnung von IP-Adressen zu einzelnen Nutzern m\u00f6glich.<\/p>\n\n\n\n<p>Wenn Sie als Nutzerin oder Nutzer aktuell bei Facebook angemeldet sind, befindet sich auf Ihrem Endger\u00e4t ein Cookie mit Ihrer Facebook-Kennung. Dadurch ist Meta in der Lage nachzuvollziehen, dass Sie diese Seite aufgesucht und wie Sie sie genutzt haben. Dies gilt auch f\u00fcr alle anderen Facebook-Seiten. \u00dcber in Webseiten eingebundene Facebook-Buttons ist es Meta m\u00f6glich, Ihre Besuche auf diesen Webseiten Seiten zu erfassen und Ihrem Facebook-Profil zuzuordnen. Anhand dieser Daten k\u00f6nnen Inhalte oder Werbung auf Sie zugeschnitten angeboten werden.<\/p>\n\n\n\n<p>Wenn Sie dies vermeiden m\u00f6chten, sollten Sie sich bei Facebook abmelden bzw. die Funktion \u201eangemeldet bleiben\u201d deaktivieren, die auf Ihrem Ger\u00e4t vorhandenen Cookies l\u00f6schen und Ihren Browser beenden und neu starten. Auf diese Weise werden Facebook-Informationen, \u00fcber die Sie unmittelbar identifiziert werden k\u00f6nnen, gel\u00f6scht. Damit k\u00f6nnen Sie unsere Facebook-Seite nutzen, ohne dass Ihre Facebook-Kennung offenbart wird. Wenn Sie auf interaktive Funktionen der Seite zugreifen (Gef\u00e4llt mir, Kommentieren, Teilen, Nachrichten etc.), erscheint eine Facebook-Anmeldemaske. Nach einer etwaigen Anmeldung sind Sie f\u00fcr Facebook erneut als bestimmte\/r Nutzerin\/Nutzer erkennbar. Alternativ k\u00f6nnen Sie f\u00fcr den Besuch unserer Facebook-Seite einen anderen Browser als \u00fcblich verwenden.<\/p>\n\n\n\n<p>Informationen dazu, wie Sie \u00fcber Sie vorhandene Informationen verwalten oder l\u00f6schen k\u00f6nnen, finden Sie im <a href=\"https:\/\/de-de.facebook.com\/privacy\/policy\/?entry_point=data_policy_redirect&amp;entry=0\" data-type=\"link\" data-id=\"https:\/\/de-de.facebook.com\/privacy\/policy\/?entry_point=data_policy_redirect&amp;entry=0\" target=\"_blank\" rel=\"noreferrer noopener\">Meta Privacy Center<\/a><\/p>\n\n\n\n<p>Wir als Anbieter des Informationsdienstes erheben und verarbeiten dar\u00fcber hinaus keine Daten aus Ihrer Nutzung unseres Dienstes. Diese Datenschutzerkl\u00e4rung finden Sie in der jeweils geltenden Fassung unter dem Punkt \u201eDatenrichtlinie\u201c auf unserer Facebook-Seite.<\/p>\n\n\n\n<h3 class=\"wp-block-heading\" id=\"datenschutzerklaerung-instagram\">Datenschutzerkl\u00e4rung f\u00fcr die SMC-Auftritte auf Instagram<\/h3>\n\n\n\n<p>SMC greift f\u00fcr den angebotenen Informationsdienst auf die technische Plattform und die Dienste der Meta Platforms Ireland Limited, Merrion Road, Dublin 4, D04 X2K5, Irland zur\u00fcck.<\/p>\n\n\n\n<p>Wir weisen Sie darauf hin, dass Sie diese Instagram-Seite und ihre Funktionen in eigener Verantwortung nutzen. Dies gilt insbesondere f\u00fcr die Nutzung der interaktiven Funktionen (zum Beispiel Kommentieren oder Bewerten).<\/p>\n\n\n\n<p>Beim Besuch unserer Instagram-Seite erfasst Meta unter anderem Ihre IP-Adresse sowie weitere Informationen, die in Form von Cookies auf Ihrem PC vorhanden sind. Diese Informationen werden verwendet, um uns als Betreiber der Instagram-Seiten statistische Informationen \u00fcber die Inanspruchnahme der Instagram-Seite zur Verf\u00fcgung zu stellen.<\/p>\n\n\n\n<p>Die in diesem Zusammenhang \u00fcber Sie erhobenen Daten werden von Meta Platforms Ireland Limited verarbeitet und dabei gegebenenfalls in L\u00e4nder au\u00dferhalb der Europ\u00e4ischen Union \u00fcbertragen. Welche Informationen Instagram erh\u00e4lt und wie diese verwendet werden, beschreibt Meta in allgemeiner Form in seinen <a href=\"https:\/\/privacycenter.instagram.com\/policy\/?entry_point=ig_help_center_data_policy_redirect\" data-type=\"link\" data-id=\"https:\/\/privacycenter.instagram.com\/policy\/?entry_point=ig_help_center_data_policy_redirect\" target=\"_blank\" rel=\"noreferrer noopener\">Datenschutzrichtlinien<\/a>. Dort finden Sie auch Informationen \u00fcber Kontaktm\u00f6glichkeiten zu Meta sowie zu den Einstellm\u00f6glichkeiten f\u00fcr Werbeanzeigen.<\/p>\n\n\n\n<p>In welcher Weise Meta die Daten aus dem Besuch von Instagram-Seiten f\u00fcr eigene Zwecke verwendet, in welchem Umfang Aktivit\u00e4ten auf der Instagram-Seite einzelnen Nutzern zugeordnet werden, wie lange Meta diese Daten speichert und ob Daten aus einem Besuch der Instagram-Seite an Dritte weitergegeben werden, wird von Meta nicht abschlie\u00dfend und klar benannt und ist uns nicht bekannt.<\/p>\n\n\n\n<p>Beim Zugriff auf eine Instagram-Seite wird die Ihrem Endger\u00e4te zugeteilte IP-Adresse an Meta \u00fcbermittelt. Nach Auskunft von Meta wird diese IP-Adresse anonymisiert (bei \u201edeutschen\u201d IP-Adressen) und nach 90 Tagen gel\u00f6scht. Meta speichert dar\u00fcber hinaus Informationen \u00fcber die Endger\u00e4te seiner Nutzer (zum Beispiel im Rahmen der Funktion \u201eAnmeldebenachrichtigung\u201c); gegebenenfalls ist Meta damit eine Zuordnung von IP-Adressen zu einzelnen Nutzern m\u00f6glich.<\/p>\n\n\n\n<p>Wenn Sie als Nutzerin oder Nutzer aktuell bei Instagram angemeldet sind, befindet sich auf Ihrem Endger\u00e4t ein Cookie mit Ihrer Instagram-Kennung. Dadurch ist Meta in der Lage nachzuvollziehen, dass Sie diese Seite aufgesucht und wie Sie sie genutzt haben. Dies gilt auch f\u00fcr alle anderen Instagram-Seiten. \u00dcber in Webseiten eingebundene Instagram-Buttons ist es Meta m\u00f6glich, Ihre Besuche auf diesen Webseiten zu erfassen und Ihrem Instagram-Profil zuzuordnen. Anhand dieser Daten k\u00f6nnen Inhalte oder Werbung auf Sie zugeschnitten angeboten werden.<\/p>\n\n\n\n<p>Wenn Sie dies vermeiden m\u00f6chten, sollten Sie sich bei Instagram abmelden beziehungsweise die Funktion \u201eangemeldet bleiben\u201d deaktivieren, die auf Ihrem Ger\u00e4t vorhandenen Cookies l\u00f6schen und Ihren Browser beenden und neu starten. Auf diese Weise werden Instagram-Informationen, \u00fcber die Sie unmittelbar identifiziert werden k\u00f6nnen, gel\u00f6scht. Damit k\u00f6nnen Sie unsere Instagram-Seite nutzen, ohne dass Ihre Instagram-Kennung offenbart wird. Wenn Sie auf interaktive Funktionen der Seite zugreifen (Gef\u00e4llt mir, Kommentieren, Nachrichten und weitere), erscheint eine Instagram-Anmeldemaske. Nach einer etwaigen Anmeldung sind Sie f\u00fcr Meta erneut als bestimmte\/r Nutzerin\/Nutzer erkennbar.<\/p>\n\n\n\n<p>Informationen dazu, wie Sie \u00fcber Sie vorhandene Informationen verwalten oder l\u00f6schen k\u00f6nnen, finden Sie auf den Instagram <a href=\"https:\/\/help.instagram.com\/?locale=de_DE\" data-type=\"link\" data-id=\"https:\/\/help.instagram.com\/?locale=de_DE\" target=\"_blank\" rel=\"noreferrer noopener\">Support-Seiten<\/a>.<\/p>\n\n\n\n<p>Wir als Anbieter des Informationsdienstes erheben und verarbeiten dar\u00fcber hinaus keine Daten aus Ihrer Nutzung unseres Dienstes.<\/p>\n\n\n\n<p>Diese Datenschutzerkl\u00e4rung finden Sie in der jeweils geltenden Fassung unter dem Punkt \u201eDatenrichtlinie\u201c auf der jeweiligen Instagram-Seite.<\/p>\n\n\n\n<p>Bei Fragen zu unserem Informationsangebot k\u00f6nnen Sie uns unter Telefon +49 (0) 69 631564-912 oder &#x6d;a&#x72;&#107;&#x65;&#x74;i&#x6e;&#103;&#x40;&#x73;c&#x68;&#105;&#x66;&#x66;m&#x61;&#114;&#x74;&#x69;n&#x69;&#46;&#x63;&#x6f;m erreichen.<\/p>\n\n\n\n<h3 class=\"wp-block-heading\" id=\"datenschutzerklaerung-linkedin\">Datenschutzerkl\u00e4rung f\u00fcr die SMC-Auftritte auf LinkedIn<\/h3>\n\n\n\n<p>SMC greift f\u00fcr den angebotenen Informationsdienst auf die technische Plattform und die Dienste der LinkedIn Ireland Unlimited Community, Wilton Place, Dublin 2, Ireland, zur\u00fcck.<\/p>\n\n\n\n<p>Wir weisen Sie darauf hin, dass Sie diese LinkedIn-Seite und ihre Funktionen in eigener Verantwortung nutzen. Dies gilt insbesondere f\u00fcr die Nutzung der interaktiven Funktionen (zum Beispiel Kommentieren oder Bewerten). Angaben dar\u00fcber, welche Daten durch LinkedIn verarbeitet und zu welchen Zwecken genutzt werden, finden Sie in der <a href=\"https:\/\/de.linkedin.com\/legal\/privacy-policy?\" data-type=\"link\" data-id=\"https:\/\/de.linkedin.com\/legal\/privacy-policy?\" target=\"_blank\" rel=\"noreferrer noopener\">Datenschutzerkl\u00e4rung <\/a>von LinkedIn.<\/p>\n\n\n\n<p>Beim Besuch unserer LinkedIn-Unternehmensseite erfasst LinkedIn unter anderem Ihre IP-Adresse sowie weitere Informationen, die in Form von Cookies auf Ihrem PC vorhanden sind. Diese Informationen werden verwendet, um uns als Betreiber der LinkedIn-Seiten statistische Informationen \u00fcber die Inanspruchnahme der LinkedIn-Seite zur Verf\u00fcgung zu stellen.<\/p>\n\n\n\n<p>Die in diesem Zusammenhang \u00fcber Sie erhobenen Daten werden von der LinkedIn Ireland Unlimited Community verarbeitet und dabei gegebenenfalls in L\u00e4nder au\u00dferhalb der Europ\u00e4ischen Union \u00fcbertragen. N\u00e4here Informationen dazu finden Sie im <a href=\"https:\/\/www.linkedin.com\/help\/linkedin\/answer\/a1343190\/\" data-type=\"link\" data-id=\"https:\/\/www.linkedin.com\/help\/linkedin\/answer\/a1343190\/\" target=\"_blank\" rel=\"noreferrer noopener\">LinkedIn Hilfebereich<\/a>. Welche Informationen LinkedIn erh\u00e4lt und wie diese verwendet werden, beschreibt LinkedIn in allgemeiner Form in seinen Datenschutzerkl\u00e4rung. Dort finden Sie auch Informationen \u00fcber Kontaktm\u00f6glichkeiten zu LinkedIn.<\/p>\n\n\n\n<p>In welcher Weise LinkedIn die Daten aus dem Besuch von LinkedIn-Seiten f\u00fcr eigene Zwecke verwendet, in welchem Umfang Aktivit\u00e4ten auf der LinkedIn-Seite einzelnen Nutzern zugeordnet werden, wie lange LinkedIn diese Daten speichert und ob Daten aus einem Besuch der LinkedIn-Seite an Dritte weitergegeben werden, wird von LinkedIn nicht abschlie\u00dfend und klar benannt und ist uns nicht bekannt.<\/p>\n\n\n\n<p>Wir als Anbieter einer LinkedIn-Unternehmensseite erheben und verarbeiten dar\u00fcber hinaus keine Daten aus Ihrer Nutzung unseres Dienstes.<\/p>\n\n\n\n<h3 class=\"wp-block-heading\" id=\"datenschutzerklaerung-xing\">Datenschutzerkl\u00e4rung f\u00fcr die SMC-Auftritte auf XING<\/h3>\n\n\n\n<p>SMC greift f\u00fcr den angebotenen Informationsdienst auf die technische Plattform und die Dienste der New Work SE, Am Strandkai 1, 20457 Hamburg, Deutschland, zur\u00fcck.&nbsp;<\/p>\n\n\n\n<p>Wir weisen Sie darauf hin, dass Sie diese XING-Seite und ihre Funktionen in eigener Verantwortung nutzen. Dies gilt insbesondere f\u00fcr die Nutzung der interaktiven Funktionen (zum Beispiel Kommentieren oder Bewerten).&nbsp;<\/p>\n\n\n\n<p>Beim Besuch unserer XING-Unternehmensseite erfasst XING unter anderem Ihre IP-Adresse sowie weitere Informationen, die in Form von Cookies auf Ihrem PC vorhanden sind. Diese Informationen werden verwendet, um uns als Betreiber der XING-Seiten statistische Informationen \u00fcber die Inanspruchnahme der XING-Seite zur Verf\u00fcgung zu stellen.&nbsp;<\/p>\n\n\n\n<p>Xing kann anderen Xing-Mitgliedern im Rahmen der Nutzung ggf. Informationen zur pers\u00f6nlichen Nutzung des Netzwerkes anzeigen. Zu diesen Informationen k\u00f6nnen beispielsweise der Aktivit\u00e4tsindex, die Anzahl der Gemeinsamkeiten mit dem jeweiligen Profilbesucher, die besuchten Events, die Anzahl der Abrufe des Profils sowie der Start und die Art der Mitgliedschaft z\u00e4hlen.&nbsp;&nbsp;<\/p>\n\n\n\n<p>Xing wertet weiterhin, die von Ihnen erhobenen Zugriffs- und Interaktionsdaten darauf aus, an welchen Themen Sie interessiert sind, speichert und verarbeitet vertrauliche Nachrichten, die Sie direkt an andere Nutzer schicken und kann Ihren Standort anhand von GPS-Daten, Informationen zu Drahtlosnetzwerken oder \u00fcber Ihre IP-Adresse bestimmen, um Ihnen Werbung oder andere Inhalte zukommen zu lassen.&nbsp;<\/p>\n\n\n\n<p>Wir als Anbieter einer XING-Unternehmensseite haben keinen Einfluss auf eine solche Analyse durch Xing. Sollten solche Analyse- Tools von Xing im Rahmen unseres Xing-Profils eingesetzt werden, so weisen wir darauf hin, dass dies weder von uns in Auftrag gegeben noch zugestimmt oder sonst in irgendeiner Art unterst\u00fctzt wurde bzw. wird. Auch werden uns die von Xing im Rahmen einer Analyse gewonnenen Daten nicht zur Verf\u00fcgung gestellt. Wir haben keine M\u00f6glichkeit, den Einsatz solcher Tools auf unserem Xing-Profil zu verhindern oder abzustellen.&nbsp;<\/p>\n\n\n\n<p>Xing erh\u00e4lt zudem Informationen, wenn Sie z.B. \u00f6ffentliche Inhalte ansehen, auch wenn Sie keinen Account erstellt haben. Bei diesen sog. \u201eLog-Daten\u201d kann es sich um die IP-Adresse, den Browsertyp, das Betriebssystem, Informationen zu der zuvor aufgerufenen Website und den von Ihnen aufgerufenen Seiten, Ihrem Standort, Ihrem Mobilfunkanbieter, dem von Ihnen genutzten Endger\u00e4t (einschlie\u00dflich Ger\u00e4te-ID und Anwendungs-ID), die von Ihnen verwendeten Suchbegriffe und Cookie-Informationen handeln.&nbsp;<\/p>\n\n\n\n<p>\u00dcber die Tracking-Optionen in der Datenschutzerkl\u00e4rung von Xing und dem Punkt \u201eEinstellungen\u201c in Ihrem Xing-Profil haben Sie die M\u00f6glichkeit, die Datenverarbeitung zu beschr\u00e4nken. Daneben haben Sie bei der Nutzung von Mobilger\u00e4ten (Smartphones, Tablet-Computer) in den dortigen Einstellm\u00f6glichkeiten die M\u00f6glichkeit, den Zugriff von Xing auf Ihre Daten zu beschr\u00e4nken. Angaben dar\u00fcber, welche Daten durch XING verarbeitet und zu welchen Zwecken genutzt werden, finden Sie in der <a href=\"https:\/\/privacy.xing.com\/de\/datenschutzerklaerung\" data-type=\"link\" data-id=\"https:\/\/privacy.xing.com\/de\/datenschutzerklaerung\">Datenschutzerkl\u00e4rung <\/a>von XING.&nbsp;<\/p>\n\n\n\n<p>Die in diesem Zusammenhang \u00fcber Sie erhobenen Daten werden von der New Work SE verarbeitet und dabei gegebenenfalls in L\u00e4nder au\u00dferhalb der Europ\u00e4ischen Union \u00fcbertragen. N\u00e4here Informationen dazu finden Sie im XING-Hilfebereich. Welche Informationen XING erh\u00e4lt und wie diese verwendet werden, beschreibt XING in allgemeiner Form in seinen Datenschutzerkl\u00e4rung. Dort finden Sie auch Informationen \u00fcber Kontaktm\u00f6glichkeiten zu XING.&nbsp;<\/p>\n\n\n\n<p>Wir als Anbieter einer XING-Unternehmensseite erheben und verarbeiten dar\u00fcber hinaus keine Daten aus Ihrer Nutzung unseres Dienstes.&nbsp;<\/p>\n\n\n\n<h3 class=\"wp-block-heading\"><strong>Betroffenenrechte<\/strong><\/h3>\n\n\n\n<p>Jede(r) Betroffene hat das Recht auf Auskunft (Art. 15 DSGVO). Sollten unrichtige personenbezogene Daten verarbeitet werden, steht Ihnen ein Recht auf Berichtigung zu (Art. 16 DSGVO). Liegen die gesetzlichen Voraussetzungen vor, so k\u00f6nnen Sie die L\u00f6schung oder Einschr\u00e4nkung der Verarbeitung verlangen sowie Widerspruch gegen die Verarbeitung einlegen (Art. 17, 18 und 21 DSGVO) sowie gegebenenfalls ein Recht auf Daten\u00fcbertragbarkeit zu (Art. 20 DSGVO). Sollten Sie von Ihren oben genannten Rechten Gebrauch machen, pr\u00fcft SMC, ob die gesetzlichen Voraussetzungen hierf\u00fcr erf\u00fcllt sind.<\/p>\n\n\n\n<p>Eine erteilte Einwilligung in die Verarbeitung personenbezogener Daten k\u00f6nne Sie mit Wirkung f\u00fcr die Zukunft jederzeit uns gegen\u00fcber widerrufen.<\/p>\n\n\n\n<p>Weiterhin besteht ein Beschwerderecht bei dem Landesbeauftragten f\u00fcr den Datenschutz und Informationsfreiheit Hessen.<\/p>\n\n\n\n<p>Weitere Informationen zu Facebook und anderen Sozialen Netzen und wie Sie Ihre Daten sch\u00fctzen k\u00f6nnen, finden Sie auch auf www.youngdata.de, einem Angebot des Landesbeauftragten f\u00fcr den Datenschutz und die Informationsfreiheit Rheinland-Pfalz.<\/p>\n","protected":false},"excerpt":{"rendered":"<p>Datenschutzerkl\u00e4rung Die Schiff-Martini &amp; Cie. GmbH (nachfolgend \u201eSMC\u201c genannt) ist die verantwortliche Stelle im Sinne des Datenschutzrechts. Die Kontaktdaten des Verantwortlichen lauten: Schiff-Martini &amp; Cie. GmbH Wirtschaftspr\u00fcfungsgesellschaft \/ Steuerberatungsgesellschaft Amelia-Mary-Earhart-Stra\u00dfe 8 D-60549 Frankfurt am Main E-Mail: &#105;&#x6e;&#102;&#x6f;&#64;&#x73;&#99;&#x68;&#105;&#x66;&#102;&#x6d;&#97;&#x72;&#116;&#x69;&#110;&#x69;&#46;&#x63;&#111;&#x6d; Telefon: +49 (0) 69-63 15 64 0 _________________________________________________________________ _________________________________________________________________ Der Datenschutzbeauftragte ist: Herr Reinhold Goetz Dipl. Ing. Nachrichtentechnik [&hellip;]<\/p>\n","protected":false},"author":9,"featured_media":2348,"parent":0,"menu_order":80,"comment_status":"closed","ping_status":"closed","template":"","meta":{"footnotes":"","_links_to":"","_links_to_target":""},"acf":[],"_links":{"self":[{"href":"https:\/\/www.schiffmartini.com\/de\/wp-json\/wp\/v2\/pages\/8127"}],"collection":[{"href":"https:\/\/www.schiffmartini.com\/de\/wp-json\/wp\/v2\/pages"}],"about":[{"href":"https:\/\/www.schiffmartini.com\/de\/wp-json\/wp\/v2\/types\/page"}],"author":[{"embeddable":true,"href":"https:\/\/www.schiffmartini.com\/de\/wp-json\/wp\/v2\/users\/9"}],"replies":[{"embeddable":true,"href":"https:\/\/www.schiffmartini.com\/de\/wp-json\/wp\/v2\/comments?post=8127"}],"version-history":[{"count":9,"href":"https:\/\/www.schiffmartini.com\/de\/wp-json\/wp\/v2\/pages\/8127\/revisions"}],"predecessor-version":[{"id":8152,"href":"https:\/\/www.schiffmartini.com\/de\/wp-json\/wp\/v2\/pages\/8127\/revisions\/8152"}],"wp:featuredmedia":[{"embeddable":true,"href":"https:\/\/www.schiffmartini.com\/de\/wp-json\/wp\/v2\/media\/2348"}],"wp:attachment":[{"href":"https:\/\/www.schiffmartini.com\/de\/wp-json\/wp\/v2\/media?parent=8127"}],"curies":[{"name":"wp","href":"https:\/\/api.w.org\/{rel}","templated":true}]}}