{"id":8564,"date":"2025-04-11T08:53:11","date_gmt":"2025-04-11T07:53:11","guid":{"rendered":"https:\/\/www.schiffmartini.com\/?page_id=8564"},"modified":"2025-12-17T13:49:31","modified_gmt":"2025-12-17T12:49:31","slug":"fuehrungskraefte","status":"publish","type":"page","link":"https:\/\/www.schiffmartini.com\/de\/fuehrungskraefte\/","title":{"rendered":"F\u00fchrungskr\u00e4fte"},"content":{"rendered":"\t\t<div data-elementor-type=\"wp-page\" data-elementor-id=\"8564\" class=\"elementor elementor-8564\" data-elementor-post-type=\"page\">\n\t\t\t\t<div class=\"elementor-element elementor-element-f955d22 e-flex e-con-boxed e-con e-parent\" data-id=\"f955d22\" data-element_type=\"container\">\n\t\t\t\t\t<div class=\"e-con-inner\">\n\t\t\t\t<div class=\"elementor-element elementor-element-023fae7 elementor-widget__width-initial elementor-widget-mobile__width-initial elementor-widget elementor-widget-text-editor\" data-id=\"023fae7\" data-element_type=\"widget\" data-widget_type=\"text-editor.default\">\n\t\t\t\t<div class=\"elementor-widget-container\">\n\t\t\t\t\t\t\t\t\t<p class=\"h5\" style=\"box-sizing: inherit; margin-bottom: 0px; color: #003c6a;\">Wir kombinieren Teams mit verschiedenen Charakteren, Nationalit\u00e4ten und unterschiedlichen Begabungen. Mit diesem Talentpool entwickeln wir differenzierte L\u00f6sungen f\u00fcr die Fragen unserer Mandanten.<\/p>\t\t\t\t\t\t\t\t<\/div>\n\t\t\t\t<\/div>\n\t\t\t\t\t<\/div>\n\t\t\t\t<\/div>\n\t\t<div class=\"elementor-element elementor-element-f19d72a e-flex e-con-boxed e-con e-parent\" data-id=\"f19d72a\" data-element_type=\"container\">\n\t\t\t\t\t<div class=\"e-con-inner\">\n\t\t\t\t<div class=\"elementor-element elementor-element-2679ab3 elementor-widget elementor-widget-heading\" data-id=\"2679ab3\" data-element_type=\"widget\" data-widget_type=\"heading.default\">\n\t\t\t\t<div class=\"elementor-widget-container\">\n\t\t\t\t\t<h2 class=\"elementor-heading-title elementor-size-default\">Management<\/h2>\t\t\t\t<\/div>\n\t\t\t\t<\/div>\n\t\t\t\t\t<\/div>\n\t\t\t\t<\/div>\n\t\t<div class=\"elementor-element elementor-element-a82760c e-grid e-con-full e-con e-parent\" data-id=\"a82760c\" data-element_type=\"container\">\n\t\t\t\t<div class=\"elementor-element elementor-element-c45901f elementor-position-top elementor-widget elementor-widget-image-box\" data-id=\"c45901f\" data-element_type=\"widget\" data-widget_type=\"image-box.default\">\n\t\t\t\t<div class=\"elementor-widget-container\">\n\t\t\t\t\t<div class=\"elementor-image-box-wrapper\"><figure class=\"elementor-image-box-img\"><a href=\"#elementor-action%3Aaction%3Dpopup%3Aopen%26settings%3DeyJpZCI6ODY3MywidG9nZ2xlIjpmYWxzZX0%3D\" tabindex=\"-1\"><img decoding=\"async\" src=\"https:\/\/www.schiffmartini.com\/wp-content\/uploads\/elementor\/thumbs\/AB_smc422-web-7eehau6qtewvc5rmia6k1fae6quhi89jccdhzt4dkx4.jpg\" title=\"Anita Bolkovac\" alt=\"Anita Bolkovac\" loading=\"lazy\" \/><\/a><\/figure><div class=\"elementor-image-box-content\"><h3 class=\"elementor-image-box-title\"><a href=\"#elementor-action%3Aaction%3Dpopup%3Aopen%26settings%3DeyJpZCI6ODY3MywidG9nZ2xlIjpmYWxzZX0%3D\">Anita Bolkovac<\/a><\/h3><p class=\"elementor-image-box-description\">Managing Partner<br>Accounting Advisory Services<\/p><\/div><\/div>\t\t\t\t<\/div>\n\t\t\t\t<\/div>\n\t\t\t\t<div class=\"elementor-element elementor-element-40d2722 elementor-position-top elementor-widget elementor-widget-image-box\" data-id=\"40d2722\" data-element_type=\"widget\" data-widget_type=\"image-box.default\">\n\t\t\t\t<div class=\"elementor-widget-container\">\n\t\t\t\t\t<div class=\"elementor-image-box-wrapper\"><figure class=\"elementor-image-box-img\"><a href=\"#elementor-action%3Aaction%3Dpopup%3Aopen%26settings%3DeyJpZCI6ODY3OSwidG9nZ2xlIjp0cnVlfQ%3D%3D\" tabindex=\"-1\"><img decoding=\"async\" src=\"https:\/\/www.schiffmartini.com\/wp-content\/uploads\/elementor\/thumbs\/PZ_smc1052-web-7eehf3gbfseoh8szxbfk2zm1xqn23bjzq2yy6vd4mco.jpg\" title=\"Peter Zimmermann\" alt=\"Peter Zimmermann\" loading=\"lazy\" \/><\/a><\/figure><div class=\"elementor-image-box-content\"><h3 class=\"elementor-image-box-title\"><a href=\"#elementor-action%3Aaction%3Dpopup%3Aopen%26settings%3DeyJpZCI6ODY3OSwidG9nZ2xlIjp0cnVlfQ%3D%3D\">Peter Zimmermann<\/a><\/h3><p class=\"elementor-image-box-description\">Managing Partner<br>Tax Advisory Services<\/p><\/div><\/div>\t\t\t\t<\/div>\n\t\t\t\t<\/div>\n\t\t\t\t<div class=\"elementor-element elementor-element-1687fb9 elementor-position-top elementor-widget elementor-widget-image-box\" data-id=\"1687fb9\" data-element_type=\"widget\" data-widget_type=\"image-box.default\">\n\t\t\t\t<div class=\"elementor-widget-container\">\n\t\t\t\t\t<div class=\"elementor-image-box-wrapper\"><figure class=\"elementor-image-box-img\"><a href=\"#elementor-action%3Aaction%3Dpopup%3Aopen%26settings%3DeyJpZCI6ODY4MiwidG9nZ2xlIjp0cnVlfQ%3D%3D\" tabindex=\"-1\"><img decoding=\"async\" src=\"https:\/\/www.schiffmartini.com\/wp-content\/uploads\/elementor\/thumbs\/DW_smc854-WEB-7eehf0kx6wmqxrp6436v4dc58e97psul90r6s2xdxd4.jpg\" title=\"Dirk Weiler\" alt=\"Dirk Weiler\" loading=\"lazy\" \/><\/a><\/figure><div class=\"elementor-image-box-content\"><h3 class=\"elementor-image-box-title\"><a href=\"#elementor-action%3Aaction%3Dpopup%3Aopen%26settings%3DeyJpZCI6ODY4MiwidG9nZ2xlIjp0cnVlfQ%3D%3D\">Dirk Weiler<\/a><\/h3><p class=\"elementor-image-box-description\">Senior Partner<br>Payroll Services<\/p><\/div><\/div>\t\t\t\t<\/div>\n\t\t\t\t<\/div>\n\t\t\t\t<div class=\"elementor-element elementor-element-b34c02b elementor-position-top elementor-widget elementor-widget-image-box\" data-id=\"b34c02b\" data-element_type=\"widget\" data-widget_type=\"image-box.default\">\n\t\t\t\t<div class=\"elementor-widget-container\">\n\t\t\t\t\t<div class=\"elementor-image-box-wrapper\"><figure class=\"elementor-image-box-img\"><a href=\"#elementor-action%3Aaction%3Dpopup%3Aopen%26settings%3DeyJpZCI6ODY4NSwidG9nZ2xlIjp0cnVlfQ%3D%3D\" tabindex=\"-1\"><img decoding=\"async\" src=\"https:\/\/www.schiffmartini.com\/wp-content\/uploads\/elementor\/thumbs\/sk20008-web-7eehf50pr6gtoleq063xp57tldrc45e7maq3bnyszzc.jpg\" title=\"Stephan Hanft\" alt=\"Stephan Hanft\" loading=\"lazy\" \/><\/a><\/figure><div class=\"elementor-image-box-content\"><h3 class=\"elementor-image-box-title\"><a href=\"#elementor-action%3Aaction%3Dpopup%3Aopen%26settings%3DeyJpZCI6ODY4NSwidG9nZ2xlIjp0cnVlfQ%3D%3D\">Stephan Hanft<\/a><\/h3><p class=\"elementor-image-box-description\">Partner<br>Accounting Advisory Services<\/p><\/div><\/div>\t\t\t\t<\/div>\n\t\t\t\t<\/div>\n\t\t\t\t<div class=\"elementor-element elementor-element-e2f4ef6 elementor-position-top elementor-widget elementor-widget-image-box\" data-id=\"e2f4ef6\" data-element_type=\"widget\" data-widget_type=\"image-box.default\">\n\t\t\t\t<div class=\"elementor-widget-container\">\n\t\t\t\t\t<div class=\"elementor-image-box-wrapper\"><figure class=\"elementor-image-box-img\"><a href=\"#elementor-action%3Aaction%3Dpopup%3Aopen%26settings%3DeyJpZCI6ODY4OSwidG9nZ2xlIjp0cnVlfQ%3D%3D\" tabindex=\"-1\"><img decoding=\"async\" src=\"https:\/\/www.schiffmartini.com\/wp-content\/uploads\/elementor\/thumbs\/KN_smc365-web-7eehf1miqi06eo3nhzn4752no5o2ecqqihxa79zu6g8.jpg\" title=\"Kirstin Neeser\" alt=\"Kirstin Neeser\" loading=\"lazy\" \/><\/a><\/figure><div class=\"elementor-image-box-content\"><h3 class=\"elementor-image-box-title\"><a href=\"#elementor-action%3Aaction%3Dpopup%3Aopen%26settings%3DeyJpZCI6ODY4OSwidG9nZ2xlIjp0cnVlfQ%3D%3D\">Kirstin Neeser<\/a><\/h3><p class=\"elementor-image-box-description\">Partner<br>Bookkeeping Services<\/p><\/div><\/div>\t\t\t\t<\/div>\n\t\t\t\t<\/div>\n\t\t\t\t<div class=\"elementor-element elementor-element-d66ed8b elementor-position-top elementor-widget elementor-widget-image-box\" data-id=\"d66ed8b\" data-element_type=\"widget\" data-widget_type=\"image-box.default\">\n\t\t\t\t<div class=\"elementor-widget-container\">\n\t\t\t\t\t<div class=\"elementor-image-box-wrapper\"><figure class=\"elementor-image-box-img\"><a href=\"#elementor-action%3Aaction%3Dpopup%3Aopen%26settings%3DeyJpZCI6ODY5MywidG9nZ2xlIjp0cnVlfQ%3D%3D\" tabindex=\"-1\"><img decoding=\"async\" src=\"https:\/\/www.schiffmartini.com\/wp-content\/uploads\/elementor\/thumbs\/MO_smc337-web-7eehf2xinzpyqslr8d7fjlqspuxmr1lx3cdwh9twht4.jpg\" title=\"Masaharu Otani\" alt=\"Masaharu Otani\" loading=\"lazy\" \/><\/a><\/figure><div class=\"elementor-image-box-content\"><h3 class=\"elementor-image-box-title\"><a href=\"#elementor-action%3Aaction%3Dpopup%3Aopen%26settings%3DeyJpZCI6ODY5MywidG9nZ2xlIjp0cnVlfQ%3D%3D\">Masaharu Otani<\/a><\/h3><p class=\"elementor-image-box-description\">Partner<br>Japan Desk<\/p><\/div><\/div>\t\t\t\t<\/div>\n\t\t\t\t<\/div>\n\t\t\t\t<div class=\"elementor-element elementor-element-fe70a20 elementor-position-top elementor-widget elementor-widget-image-box\" data-id=\"fe70a20\" data-element_type=\"widget\" data-widget_type=\"image-box.default\">\n\t\t\t\t<div class=\"elementor-widget-container\">\n\t\t\t\t\t<div class=\"elementor-image-box-wrapper\"><figure class=\"elementor-image-box-img\"><a href=\"#elementor-action%3Aaction%3Dpopup%3Aopen%26settings%3DeyJpZCI6ODY5NiwidG9nZ2xlIjp0cnVlfQ%3D%3D\" tabindex=\"-1\"><img decoding=\"async\" src=\"https:\/\/www.schiffmartini.com\/wp-content\/uploads\/elementor\/thumbs\/KS_smc450-web-7eehf2epw7190ceijezb07vjhz87ernuglsuroaod9k.jpg\" title=\"Katja Scherpf\" alt=\"Katja Scherpf\" loading=\"lazy\" \/><\/a><\/figure><div class=\"elementor-image-box-content\"><h3 class=\"elementor-image-box-title\"><a href=\"#elementor-action%3Aaction%3Dpopup%3Aopen%26settings%3DeyJpZCI6ODY5NiwidG9nZ2xlIjp0cnVlfQ%3D%3D\">Katja Scherpf<\/a><\/h3><p class=\"elementor-image-box-description\">Partner<br>Real Estate<\/p><\/div><\/div>\t\t\t\t<\/div>\n\t\t\t\t<\/div>\n\t\t\t\t<div class=\"elementor-element elementor-element-3718e63 elementor-position-top elementor-widget elementor-widget-image-box\" data-id=\"3718e63\" data-element_type=\"widget\" data-widget_type=\"image-box.default\">\n\t\t\t\t<div class=\"elementor-widget-container\">\n\t\t\t\t\t<div class=\"elementor-image-box-wrapper\"><figure class=\"elementor-image-box-img\"><a href=\"#elementor-action%3Aaction%3Dpopup%3Aopen%26settings%3DeyJpZCI6ODYyNiwidG9nZ2xlIjpmYWxzZX0%3D\" tabindex=\"-1\"><img decoding=\"async\" src=\"https:\/\/www.schiffmartini.com\/wp-content\/uploads\/elementor\/thumbs\/StS_smc168-web-7eehf5jiiz5jf1lyp4c28j32t9grgfca91b519i14iw.jpg\" title=\"Steffen Schreiner\" alt=\"Steffen Schreiner\" loading=\"lazy\" \/><\/a><\/figure><div class=\"elementor-image-box-content\"><h3 class=\"elementor-image-box-title\"><a href=\"#elementor-action%3Aaction%3Dpopup%3Aopen%26settings%3DeyJpZCI6ODYyNiwidG9nZ2xlIjpmYWxzZX0%3D\">Steffen Schreiner<\/a><\/h3><p class=\"elementor-image-box-description\">Partner<br>Payroll  and Global Mobility <br>Services<\/p><\/div><\/div>\t\t\t\t<\/div>\n\t\t\t\t<\/div>\n\t\t\t\t<div class=\"elementor-element elementor-element-f1f08d6 elementor-position-top elementor-widget elementor-widget-image-box\" data-id=\"f1f08d6\" data-element_type=\"widget\" data-widget_type=\"image-box.default\">\n\t\t\t\t<div class=\"elementor-widget-container\">\n\t\t\t\t\t<div class=\"elementor-image-box-wrapper\"><figure class=\"elementor-image-box-img\"><a href=\"#elementor-action%3Aaction%3Dpopup%3Aopen%26settings%3DeyJpZCI6ODcwMCwidG9nZ2xlIjp0cnVlfQ%3D%3D\" tabindex=\"-1\"><img decoding=\"async\" src=\"https:\/\/www.schiffmartini.com\/wp-content\/uploads\/elementor\/thumbs\/2-7miwn9qf8e1277qglvzjtiubn6tk896t74dh134kap4.jpg\" title=\"2\" alt=\"2\" loading=\"lazy\" \/><\/a><\/figure><div class=\"elementor-image-box-content\"><h3 class=\"elementor-image-box-title\"><a href=\"#elementor-action%3Aaction%3Dpopup%3Aopen%26settings%3DeyJpZCI6ODcwMCwidG9nZ2xlIjp0cnVlfQ%3D%3D\">Sebastian Weimer<\/a><\/h3><p class=\"elementor-image-box-description\">Partner<br>Accounting Advisory<br> Services<\/p><\/div><\/div>\t\t\t\t<\/div>\n\t\t\t\t<\/div>\n\t\t\t\t<\/div>\n\t\t<div class=\"elementor-element elementor-element-d04646d e-flex e-con-boxed e-con e-parent\" data-id=\"d04646d\" data-element_type=\"container\">\n\t\t\t\t\t<div class=\"e-con-inner\">\n\t\t\t\t<div class=\"elementor-element elementor-element-2594ee3 elementor-widget elementor-widget-heading\" data-id=\"2594ee3\" data-element_type=\"widget\" data-widget_type=\"heading.default\">\n\t\t\t\t<div class=\"elementor-widget-container\">\n\t\t\t\t\t<h2 class=\"elementor-heading-title elementor-size-default\">Gr\u00fcnder<\/h2>\t\t\t\t<\/div>\n\t\t\t\t<\/div>\n\t\t\t\t\t<\/div>\n\t\t\t\t<\/div>\n\t\t<div class=\"elementor-element elementor-element-f144308 e-grid e-con-full e-con e-parent\" data-id=\"f144308\" data-element_type=\"container\">\n\t\t\t\t<div class=\"elementor-element elementor-element-db73e09 elementor-position-top elementor-widget elementor-widget-image-box\" data-id=\"db73e09\" data-element_type=\"widget\" data-widget_type=\"image-box.default\">\n\t\t\t\t<div class=\"elementor-widget-container\">\n\t\t\t\t\t<div class=\"elementor-image-box-wrapper\"><figure class=\"elementor-image-box-img\"><a href=\"#elementor-action%3Aaction%3Dpopup%3Aopen%26settings%3DeyJpZCI6ODcwNywidG9nZ2xlIjp0cnVlfQ%3D%3D\" tabindex=\"-1\"><img decoding=\"async\" src=\"https:\/\/www.schiffmartini.com\/wp-content\/uploads\/elementor\/thumbs\/RSM_smc501-web-7eehf3z47l3e7p08m9nomdhb5mchfli2ctjzwgwcqw8.jpg\" title=\"Roland Schiff-Martini\" alt=\"Roland Schiff-Martini\" loading=\"lazy\" \/><\/a><\/figure><div class=\"elementor-image-box-content\"><h3 class=\"elementor-image-box-title\"><a href=\"#elementor-action%3Aaction%3Dpopup%3Aopen%26settings%3DeyJpZCI6ODcwNywidG9nZ2xlIjp0cnVlfQ%3D%3D\">Roland Schiff-Martini<\/a><\/h3><p class=\"elementor-image-box-description\">Gr\u00fcnder<\/p><\/div><\/div>\t\t\t\t<\/div>\n\t\t\t\t<\/div>\n\t\t\t\t<div class=\"elementor-element elementor-element-fc9c2fa elementor-position-top elementor-widget elementor-widget-image-box\" data-id=\"fc9c2fa\" data-element_type=\"widget\" data-widget_type=\"image-box.default\">\n\t\t\t\t<div class=\"elementor-widget-container\">\n\t\t\t\t\t<div class=\"elementor-image-box-wrapper\"><figure class=\"elementor-image-box-img\"><a href=\"#elementor-action%3Aaction%3Dpopup%3Aopen%26settings%3DeyJpZCI6ODcxMCwidG9nZ2xlIjp0cnVlfQ%3D%3D\" tabindex=\"-1\"><img decoding=\"async\" src=\"https:\/\/www.schiffmartini.com\/wp-content\/uploads\/elementor\/thumbs\/SUL_smc390-web-7eehf62baru95ht7e2k6rwyc1566spacvrw6qv1992g.jpg\" title=\"Susanne Ude-Lomb\" alt=\"Susanne Ude-Lomb\" loading=\"lazy\" \/><\/a><\/figure><div class=\"elementor-image-box-content\"><h3 class=\"elementor-image-box-title\"><a href=\"#elementor-action%3Aaction%3Dpopup%3Aopen%26settings%3DeyJpZCI6ODcxMCwidG9nZ2xlIjp0cnVlfQ%3D%3D\">Susanne Ude-Lomb<\/a><\/h3><p class=\"elementor-image-box-description\">Gr\u00fcnder<\/p><\/div><\/div>\t\t\t\t<\/div>\n\t\t\t\t<\/div>\n\t\t\t\t<\/div>\n\t\t<div class=\"elementor-element elementor-element-78abf0d e-flex e-con-boxed e-con e-parent\" data-id=\"78abf0d\" data-element_type=\"container\">\n\t\t\t\t\t<div class=\"e-con-inner\">\n\t\t\t\t<div class=\"elementor-element elementor-element-e6e3806 elementor-widget elementor-widget-heading\" data-id=\"e6e3806\" data-element_type=\"widget\" data-widget_type=\"heading.default\">\n\t\t\t\t<div class=\"elementor-widget-container\">\n\t\t\t\t\t<h2 class=\"elementor-heading-title elementor-size-default\">Teamleitung<\/h2>\t\t\t\t<\/div>\n\t\t\t\t<\/div>\n\t\t\t\t\t<\/div>\n\t\t\t\t<\/div>\n\t\t<div class=\"elementor-element elementor-element-c193248 e-grid e-con-full e-con e-parent\" data-id=\"c193248\" data-element_type=\"container\">\n\t\t\t\t<div class=\"elementor-element elementor-element-f06c833 elementor-position-top elementor-widget elementor-widget-image-box\" data-id=\"f06c833\" data-element_type=\"widget\" data-widget_type=\"image-box.default\">\n\t\t\t\t<div class=\"elementor-widget-container\">\n\t\t\t\t\t<div class=\"elementor-image-box-wrapper\"><figure class=\"elementor-image-box-img\"><a href=\"#elementor-action%3Aaction%3Dpopup%3Aopen%26settings%3DeyJpZCI6ODcxNCwidG9nZ2xlIjp0cnVlfQ%3D%3D\" tabindex=\"-1\"><img decoding=\"async\" src=\"https:\/\/www.schiffmartini.com\/wp-content\/uploads\/elementor\/thumbs\/JaG_smc069-Kopie-1-7eehf13pypbgo7wet1eznr7eg9yn22snvrc8hogm1wo.jpg\" title=\"Jan Gr\u00fcnfelder\" alt=\"Jan Gr\u00fcnfelder\" loading=\"lazy\" \/><\/a><\/figure><div class=\"elementor-image-box-content\"><h3 class=\"elementor-image-box-title\"><a href=\"#elementor-action%3Aaction%3Dpopup%3Aopen%26settings%3DeyJpZCI6ODcxNCwidG9nZ2xlIjp0cnVlfQ%3D%3D\">Jan Gr\u00fcnfelder<\/a><\/h3><p class=\"elementor-image-box-description\">Manager <br>Head of \nReal Estate<\/p><\/div><\/div>\t\t\t\t<\/div>\n\t\t\t\t<\/div>\n\t\t\t\t<div class=\"elementor-element elementor-element-b0dcfff elementor-position-top elementor-widget elementor-widget-image-box\" data-id=\"b0dcfff\" data-element_type=\"widget\" data-widget_type=\"image-box.default\">\n\t\t\t\t<div class=\"elementor-widget-container\">\n\t\t\t\t\t<div class=\"elementor-image-box-wrapper\"><figure class=\"elementor-image-box-img\"><a href=\"#elementor-action%3Aaction%3Dpopup%3Aopen%26settings%3DeyJpZCI6ODcxNywidG9nZ2xlIjp0cnVlfQ%3D%3D\" tabindex=\"-1\"><img decoding=\"async\" src=\"https:\/\/www.schiffmartini.com\/wp-content\/uploads\/elementor\/thumbs\/IsR_smc814-webseite-1-2-7dledeewjz8vzdw1qsdbzf160l6g2zr36a0j9uekvmw.jpg\" title=\"Isabel Reitzenstein\" alt=\"Isabel Reitzenstein\" loading=\"lazy\" \/><\/a><\/figure><div class=\"elementor-image-box-content\"><h3 class=\"elementor-image-box-title\"><a href=\"#elementor-action%3Aaction%3Dpopup%3Aopen%26settings%3DeyJpZCI6ODcxNywidG9nZ2xlIjp0cnVlfQ%3D%3D\">Isabel Reitzenstein<\/a><\/h3><p class=\"elementor-image-box-description\">Senior Manager <br>Head of Tax Advisory Services<\/p><\/div><\/div>\t\t\t\t<\/div>\n\t\t\t\t<\/div>\n\t\t\t\t<div class=\"elementor-element elementor-element-0d52ac8 elementor-position-top elementor-widget elementor-widget-image-box\" data-id=\"0d52ac8\" data-element_type=\"widget\" data-widget_type=\"image-box.default\">\n\t\t\t\t<div class=\"elementor-widget-container\">\n\t\t\t\t\t<div class=\"elementor-image-box-wrapper\"><figure class=\"elementor-image-box-img\"><a href=\"#elementor-action%3Aaction%3Dpopup%3Aopen%26settings%3DeyJpZCI6ODcyMCwidG9nZ2xlIjp0cnVlfQ%3D%3D\" tabindex=\"-1\"><img decoding=\"async\" src=\"https:\/\/www.schiffmartini.com\/wp-content\/uploads\/elementor\/thumbs\/SV_smc122-web-1-7eehgytf1kyw9ar5byjtjom36cr12ynf7ce2x198wfc.jpg\" title=\"Sandra Vossen\" alt=\"Sandra Vossen\" loading=\"lazy\" \/><\/a><\/figure><div class=\"elementor-image-box-content\"><h3 class=\"elementor-image-box-title\"><a href=\"#elementor-action%3Aaction%3Dpopup%3Aopen%26settings%3DeyJpZCI6ODcyMCwidG9nZ2xlIjp0cnVlfQ%3D%3D\">Sandra Vossen<\/a><\/h3><p class=\"elementor-image-box-description\">Experienced Manager <br\/>Head of Bookeeping Services<\/p><\/div><\/div>\t\t\t\t<\/div>\n\t\t\t\t<\/div>\n\t\t\t\t<div class=\"elementor-element elementor-element-7a504da elementor-position-top elementor-widget elementor-widget-image-box\" data-id=\"7a504da\" data-element_type=\"widget\" data-widget_type=\"image-box.default\">\n\t\t\t\t<div class=\"elementor-widget-container\">\n\t\t\t\t\t<div class=\"elementor-image-box-wrapper\"><figure class=\"elementor-image-box-img\"><a href=\"#elementor-action%3Aaction%3Dpopup%3Aopen%26settings%3DeyJpZCI6ODcyNywidG9nZ2xlIjp0cnVlfQ%3D%3D\" tabindex=\"-1\"><img decoding=\"async\" src=\"https:\/\/www.schiffmartini.com\/wp-content\/uploads\/elementor\/thumbs\/1-7miwnb1f5vqujc8kc9jv5zigow34ky1zryu3b2ymm20.jpg\" title=\"1\" alt=\"1\" loading=\"lazy\" \/><\/a><\/figure><div class=\"elementor-image-box-content\"><h3 class=\"elementor-image-box-title\"><a href=\"#elementor-action%3Aaction%3Dpopup%3Aopen%26settings%3DeyJpZCI6ODcyNywidG9nZ2xlIjp0cnVlfQ%3D%3D\">Susan Waiblinger<\/a><\/h3><p class=\"elementor-image-box-description\">Experienced Manager <br>Head of Accounting Advisory<br>Services<\/p><\/div><\/div>\t\t\t\t<\/div>\n\t\t\t\t<\/div>\n\t\t\t\t<\/div>\n\t\t<div class=\"elementor-element elementor-element-1192c17 e-flex e-con-boxed e-con e-parent\" data-id=\"1192c17\" data-element_type=\"container\">\n\t\t\t\t\t<div class=\"e-con-inner\">\n\t\t\t\t<div class=\"elementor-element elementor-element-3bc2841 elementor-widget elementor-widget-heading\" data-id=\"3bc2841\" data-element_type=\"widget\" data-widget_type=\"heading.default\">\n\t\t\t\t<div class=\"elementor-widget-container\">\n\t\t\t\t\t<h2 class=\"elementor-heading-title elementor-size-default\">Erster Partner f\u00fcr internationale Unternehmen<\/h2>\t\t\t\t<\/div>\n\t\t\t\t<\/div>\n\t\t\t\t<div class=\"elementor-element elementor-element-6b4d9dc elementor-widget__width-initial elementor-widget elementor-widget-text-editor\" data-id=\"6b4d9dc\" data-element_type=\"widget\" data-widget_type=\"text-editor.default\">\n\t\t\t\t<div class=\"elementor-widget-container\">\n\t\t\t\t\t\t\t\t\t<p class=\"h5\" style=\"box-sizing: inherit; margin-bottom: 0px; color: #003c6a;\">Klare und pragmatische L\u00f6sungen \u2013 das sch\u00e4tzen unsere Mandanten. Enge, transparente und verl\u00e4ssliche Zusammenarbeit ebenso. Gerade bei komplexen internationalen Fragestellungen lautet unsere Erfolgsformel \u201eF\u00fchre das optimale Team f\u00fcr das jeweilige Projekt zusammen und das Ergebnis wird \u00fcberzeugen.\u201c Dass SMC diesem Anspruch wirklich gerecht wird \u2013 davon zeugen <a href=\"https:\/\/www.schiffmartini.com\/de\/referenzen\/\">unsere Referenzen<\/a>.<\/p>\t\t\t\t\t\t\t\t<\/div>\n\t\t\t\t<\/div>\n\t\t\t\t\t<\/div>\n\t\t\t\t<\/div>\n\t\t\t\t<\/div>\n\t\t","protected":false},"excerpt":{"rendered":"<p>Wir kombinieren Teams mit verschiedenen Charakteren, Nationalit\u00e4ten und unterschiedlichen Begabungen. Mit diesem Talentpool entwickeln wir differenzierte L\u00f6sungen f\u00fcr die Fragen unserer Mandanten. Management Anita Bolkovac Managing PartnerAccounting Advisory Services Peter Zimmermann Managing PartnerTax Advisory Services Dirk Weiler Senior PartnerPayroll Services Stephan Hanft PartnerAccounting Advisory Services Kirstin Neeser PartnerBookkeeping Services Masaharu Otani PartnerJapan Desk Katja Scherpf [&hellip;]<\/p>\n","protected":false},"author":9,"featured_media":0,"parent":0,"menu_order":0,"comment_status":"closed","ping_status":"closed","template":"","meta":{"footnotes":"","_links_to":"","_links_to_target":""},"acf":[],"_links":{"self":[{"href":"https:\/\/www.schiffmartini.com\/de\/wp-json\/wp\/v2\/pages\/8564"}],"collection":[{"href":"https:\/\/www.schiffmartini.com\/de\/wp-json\/wp\/v2\/pages"}],"about":[{"href":"https:\/\/www.schiffmartini.com\/de\/wp-json\/wp\/v2\/types\/page"}],"author":[{"embeddable":true,"href":"https:\/\/www.schiffmartini.com\/de\/wp-json\/wp\/v2\/users\/9"}],"replies":[{"embeddable":true,"href":"https:\/\/www.schiffmartini.com\/de\/wp-json\/wp\/v2\/comments?post=8564"}],"version-history":[{"count":95,"href":"https:\/\/www.schiffmartini.com\/de\/wp-json\/wp\/v2\/pages\/8564\/revisions"}],"predecessor-version":[{"id":9483,"href":"https:\/\/www.schiffmartini.com\/de\/wp-json\/wp\/v2\/pages\/8564\/revisions\/9483"}],"wp:attachment":[{"href":"https:\/\/www.schiffmartini.com\/de\/wp-json\/wp\/v2\/media?parent=8564"}],"curies":[{"name":"wp","href":"https:\/\/api.w.org\/{rel}","templated":true}]}}