{"id":929,"date":"2018-08-07T20:53:22","date_gmt":"2018-08-07T20:53:22","guid":{"rendered":"https:\/\/www.schiffmartini.com\/?page_id=929"},"modified":"2025-01-15T09:38:09","modified_gmt":"2025-01-15T08:38:09","slug":"datenschutz","status":"publish","type":"page","link":"https:\/\/www.schiffmartini.com\/de\/datenschutz\/","title":{"rendered":"Datenschutz"},"content":{"rendered":"<h3>Datenschutzerkl\u00e4rung<\/h3>\n<p><a href=\"https:\/\/www.schiffmartini.com\/wp-content\/uploads\/2018\/10\/Datenschutzerkl\u00e4rung-zum-Download.pdf\" target=\"_blank\" rel=\"noopener noreferrer\">Datenschutzerkl\u00e4rung zum Download<\/a><\/p>\n<p><a href=\"https:\/\/www.schiffmartini.com\/de\/datenschutzerklarung-zum-social-media-angebot\/\">Datenschutzerkl\u00e4rung zum Social-Media-Angebot<\/a><\/p>\n<p>_________________________________________________________________<\/p>\n<h3><a name=\"_Toc499221406\"><\/a>1.\u00a0\u00a0\u00a0 Allgemeines<\/h3>\n<p>Vielen Dank f\u00fcr Ihr Interesse an der\/den Webseite\/n der Schiff-Martini &amp; Cie GmbH (im Folgenden \u201cSMC\u201c). Wir nehmen die Themen Datenschutz und Vertraulichkeit sehr ernst und beachten die geltenden nationalen und europ\u00e4ischen Datenschutzvorschriften, insbesondere der EU-DSGVO.<\/p>\n<p>Deshalb m\u00f6chten wir Sie mit dieser Erkl\u00e4rung \u00fcber unsere Ma\u00dfnahmen zum Datenschutz in Kenntnis setzen und dar\u00fcber informieren, welche personenbezogenen Daten wir gegebenenfalls speichern und wie wir diese Daten verwenden.<\/p>\n<p>Verantwortlicher f\u00fcr die Datenverarbeitung auf dieser Webseite im Sinne der Datenschutz-Grundverordnung (DSGVO) ist<\/p>\n<p>Schiff-Martini &amp; Cie. GmbH<\/p>\n<p>Wirtschaftspr\u00fcfungsgesellschaft \/ Steuerberatungsgesellschaft<\/p>\n<p>Amelia-Mary-Earhart-Stra\u00dfe\u00a08<\/p>\n<p>D-60549 Frankfurt am Main<\/p>\n<p>Tel.: +49 (69) 631564-0<\/p>\n<p>E-Mail: <a href=\"&#109;&#97;&#x69;l&#116;&#x6f;&#x3a;i&#110;&#x66;&#x6f;&#64;&#115;&#x63;h&#105;&#x66;&#x66;m&#97;&#x72;&#x74;i&#110;&#x69;&#46;&#99;&#x6f;&#x6d;\" target=\"_blank\" rel=\"noopener noreferrer\">&#x69;&#x6e;&#x66;&#x6f;&#x40;&#x73;&#x63;&#x68;&#x69;&#x66;&#x66;&#x6d;&#x61;&#x72;&#x74;&#x69;&#x6e;&#x69;&#x2e;&#x63;&#x6f;&#x6d;<\/a><\/p>\n<h3><a name=\"_Toc499221407\"><\/a>2.\u00a0\u00a0\u00a0 Welche Daten werden erfasst und wie werden sie verwendet?<\/h3>\n<p><strong>2.1 Datenerhebungen durch diese Webseite<\/strong><\/p>\n<p>Bei jedem Zugriff eines Nutzers auf die Webseite \u00fcbermittelt der Internetbrowser des Nutzers aus technischen Gr\u00fcnden automatisch die folgenden Daten an den Webserver der SMC:<\/p>\n<ul>\n<li>IP-Adresse des anfragenden Rechners<\/li>\n<\/ul>\n<ul>\n<li>Datum und Uhrzeit des Zugriffs<\/li>\n<\/ul>\n<ul>\n<li>Name und URL der abgerufenen Datei<\/li>\n<\/ul>\n<ul>\n<li>\u00dcbertragene Datenmenge<\/li>\n<\/ul>\n<ul>\n<li>Zugriffsstatus (Datei \u00fcbertragen, Datei nicht gefunden etc.)<\/li>\n<\/ul>\n<ul>\n<li>Erkennungsdaten des verwendeten Browser- und Betriebssystems<\/li>\n<\/ul>\n<ul>\n<li>Name des Providers von dem Internetzugang des Nutzers<\/li>\n<\/ul>\n<ul>\n<li>Webseite, von der aus der Zugriff erfolgt<\/li>\n<\/ul>\n<p>Die Erhebung, Verarbeitung und Nutzung dieser Daten erfolgt zum Zweck der Erm\u00f6glichung der Nutzung der Webseite (Verbindungsaufbau), der Systemsicherheit sowie der technischen Administration der Netzinfrastruktur. Ein Abgleich mit anderen Datenbest\u00e4nden oder eine Weitergabe an Dritte, auch in Ausz\u00fcgen, findet nicht statt. Rechtsgrundlage der Verarbeitung ist Art.\u00a06 Abs.\u00a01\u00a0b DSGVO.<\/p>\n<p>Die im Rahmen der freiwilligen Eingaben unter \u201e<em>Kontakt<\/em>\u201c erhobenen Daten werden ausschlie\u00dflich zu Zwecken der Abwicklung der Anfrage und zur Ausf\u00fchrung der von Ihnen m\u00f6glicherweise dar\u00fcber angeforderten Leistungen genutzt und verarbeitet.<\/p>\n<p><strong>2.2 Einsatz von Webalizer<\/strong><\/p>\n<p>Um Einsicht dar\u00fcber zu erhalten, wie viele Besuche unsere Seite aufrufen oder von welcher Seite aus Besucher unsere Seite aufgerufen haben, nutzen wir das Tool Webalizer 2.<\/p>\n<p>Der Webalizer erzeugt j\u00e4hrliche, monatliche, t\u00e4gliche und st\u00fcndliche Statistiken. In den monatlichen Berichten k\u00f6nnen mehrere Kriterien ber\u00fccksichtigt werden, um die Gesamtnutzung, Nutzung nach Tag und Stunde, nach Visits, URL\u2018s, Browsern (user agents), Verweisen, Pages, top Eingangssites und Ausgangsseiten und vieles mehr grafisch und als Text darzustellen.<\/p>\n<p>Rechtsgrundlage der Verarbeitung ist Art. 6 Abs. 1 f DSGVO, wobei sich die Berechtigung der SMC daraus ergibt, dass zum einen ein Interesse der SMC an der Auswertung der Webseitendaten zu Zwecken der Seitenoptimierung besteht und zum anderen eine betroffene Person zum Zeitpunkt der Erhebung der personenbezogenen Daten und angesichts der Umst\u00e4nde, unter denen sie erfolgt (insbesondere der oben genannten Ma\u00dfnahmen), vern\u00fcnftigerweise absehen kann, dass m\u00f6glicher Weise eine Verarbeitung f\u00fcr diesen Zweck erfolgen wird.<\/p>\n<h3><a name=\"_Toc499221408\"><\/a>3.\u00a0\u00a0\u00a0 Welche Cookies werden eingesetzt?<\/h3>\n<p>Wir setzen auf unserer Webseite Cookies ein, Sie k\u00f6nnen unsere Webseite aber auch besuchen, ohne der Verwendung von Cookies zuzustimmen, wenn Sie auf die Vorteile unserer Cookies verzichten wollen. In diesem Fall k\u00f6nnen Sie die Verwendung von Cookies ablehnen.<\/p>\n<p>Alternativ k\u00f6nnen Sie Ihren Browser so einstellen, dass dieser keine Cookies akzeptiert; in der Hilfe-Funktion Ihres Browsers k\u00f6nnen Sie nachlesen, wie Sie Ihren Browser einstellen m\u00fcssen, um diesen davon abzuhalten, neue Cookies zu akzeptieren oder bereits vorhandene Cookies zu l\u00f6schen. Dort erfahren Sie auch, wie Sie Ihren Browser f\u00fcr alle neue Cookies sperren k\u00f6nnen oder welche Einstellungen Sie vornehmen m\u00fcssen, um einen Hinweis auf neue Cookies zu erhalten.<\/p>\n<p>Die Cookies, die wir aktuell auf dieser Webseite verwenden, finden Sie hier aufgelistet:<\/p>\n<p>Borlabs Cookie<\/p>\n<p>Diese Website verwendet Borlabs Cookie, dass zwei technisch notwendige Cookies (borlabsCookie und borlabsCookieUnblockContent) setzt, um Ihre Cookie-Pr\u00e4ferenz zu speichern. Borlabs Cookie verarbeitet keinerlei personenbezogenen Daten. Im Cookie borlabsCookie wird Ihre gew\u00e4hlte Pr\u00e4ferenz gespeichert, die Sie beim Betreten der Website ausgew\u00e4hlt haben. Das Cookie borlabsCookieUnblockContent speichert, welche (externen) Medien\/Inhalte Sie immer automatisch entsperrt haben m\u00f6chten. M\u00f6chten Sie diese Einstellungen widerrufen, l\u00f6schen Sie einfach die Cookies in Ihrem Browser. Wenn Sie die Website neu betreten\/neu laden, werden Sie erneut nach Ihrer Cookie-Pr\u00e4ferenz gefragt.<\/p>\n<p>Rechtsgrundlage der Verarbeitung ist Art. 6 Abs. 1 f DSGVO, wobei sich die Berechtigung der SMC daraus ergibt, dass zum einen ein Interesse der SMC an der Auswertung der Webseitendaten zu Zwecken der Seitenoptimierung besteht und zum anderen eine betroffene Person zum Zeitpunkt der Erhebung der personenbezogenen Daten und angesichts der Umst\u00e4nde, unter denen sie erfolgt (insbesondere der oben genannten Ma\u00dfnahmen), vern\u00fcnftiger Weise absehen kann, dass m\u00f6glicherweise eine Verarbeitung f\u00fcr diesen Zweck erfolgen wird.<\/p>\n<h3><a name=\"_Toc499221410\"><\/a>4.\u00a0\u00a0\u00a0 Einsatz von Social-Media-Plug-ins<\/h3>\n<p>Wir setzen derzeit folgende Social-Media-Plug-ins ein: Xing, LinkedIn.<\/p>\n<p>Wir nutzen dabei die sog. Zwei-Klick-L\u00f6sung. Das hei\u00dft, wenn Sie unsere Seite besuchen, werden zun\u00e4chst grunds\u00e4tzlich keine personenbezogenen Daten an die Anbieter der Plug-ins weitergegeben. Den Anbieter des Plug-ins erkennen Sie \u00fcber die Markierung auf dem Kasten \u00fcber seinen Anfangsbuchstaben oder das Logo. Wir er\u00f6ffnen Ihnen die M\u00f6glichkeit, \u00fcber den Button direkt mit dem Anbieter des Plug-ins zu kommunizieren. Nur wenn Sie auf das markierte Feld klicken und es dadurch aktivieren, erh\u00e4lt der Plug-in-Anbieter die Information, dass Sie die entsprechende Website unseres Online-Angebots aufgerufen haben. Zudem werden die unter Ziff. 2.1 dieser Erkl\u00e4rung genannten Daten \u00fcbermittelt. Im Fall von Facebook und Xing wird nach Angaben der jeweiligen Anbieter in Deutschland die IP-Adresse sofort nach Erhebung anonymisiert.<\/p>\n<p>Durch die Aktivierung des Plug-ins werden also personenbezogene Daten von Ihnen an den jeweiligen Plug-in-Anbieter \u00fcbermittelt und dort (bei US-amerikanischen Anbietern in den USA) gespeichert. Da der Plug-in-Anbieter die Datenerhebung insbesondere \u00fcber Cookies vornimmt, empfehlen wir Ihnen, vor dem Klick auf den ausgegrauten Kasten oder das Logo des Plug-in Anbieters \u00fcber die Sicherheitseinstellungen Ihres Browsers alle Cookies zu l\u00f6schen.<\/p>\n<p>Wir haben weder Einfluss auf die erhobenen Daten und Datenverarbeitungsvorg\u00e4nge, noch sind uns der volle Umfang der Datenerhebung, die Zwecke der Verarbeitung, die Speicherfristen bekannt. Auch zur L\u00f6schung der erhobenen Daten durch den Plug-in-Anbieter liegen uns keine Informationen vor.<\/p>\n<p>Der Plug-in-Anbieter speichert die \u00fcber Sie erhobenen Daten als Nutzungsprofile und nutzt diese f\u00fcr Zwecke der Werbung, Marktforschung und\/oder bedarfsgerechten Gestaltung seiner Website. Eine solche Auswertung erfolgt insbesondere (auch f\u00fcr nicht eingeloggte Nutzer) zur Darstellung von bedarfsgerechter Werbung und um andere Nutzer des sozialen Netzwerks \u00fcber Ihre Aktivit\u00e4ten auf unserer Website zu informieren.<\/p>\n<p>Ihnen steht ein Widerspruchsrecht gegen die Bildung dieser Nutzerprofile zu, wobei Sie sich zur Aus\u00fcbung dessen an den jeweiligen Plug-in-Anbieter wenden m\u00fcssen.<\/p>\n<p>\u00dcber die Plug-ins bieten wir Ihnen die M\u00f6glichkeit, mit den sozialen Netzwerken und anderen Nutzern zu interagieren, so dass wir unser Angebot verbessern und f\u00fcr Sie als Nutzer interessanter ausgestalten k\u00f6nnen. Rechtsgrundlage f\u00fcr die Bereitstellung und Nutzung der Plug-ins ist Art. 6 Abs. 1 S. 1 lit. f DS-GVO.<\/p>\n<p>Die Datenweitergabe erfolgt unabh\u00e4ngig davon, ob Sie ein Konto bei dem Plug-in-Anbieter besitzen und dort eingeloggt sind. Wenn Sie bei dem Plug-in-Anbieter eingeloggt sind, werden Ihre bei uns erhobenen Daten direkt Ihrem beim Plug-in-Anbieter bestehenden Konto zugeordnet. Wenn Sie den aktivierten Button bet\u00e4tigen und z. B. die Seite verlinken, speichert der Plug-in-Anbieter auch diese Information in Ihrem Nutzerkonto und teilt sie Ihren Kontakten \u00f6ffentlich mit. Wir empfehlen Ihnen, sich nach Nutzung eines sozialen Netzwerks regelm\u00e4\u00dfig auszuloggen, insbesondere jedoch vor Aktivierung des Buttons, da Sie so eine Zuordnung zu Ihrem Profil bei dem Plug-in-Anbieter vermeiden k\u00f6nnen.<\/p>\n<p>Weitere Informationen zu Zweck und Umfang der Datenerhebung und ihrer Verarbeitung durch den Plug-in-Anbieter erhalten Sie in den im Folgenden mitgeteilten Datenschutzerkl\u00e4rungen dieser Anbieter. Dort erhalten Sie auch weitere Informationen zu Ihren diesbez\u00fcglichen Rechten und Einstellungsm\u00f6glichkeiten zum Schutze Ihrer Privatsph\u00e4re.<\/p>\n<p>Adressen der jeweiligen Plug-in-Anbieter und URL mit deren Datenschutzhinweisen:<\/p>\n<ol>\n<li>a) Xing AG, G\u00e4nsemarkt 43, 20354 Hamburg, DE; <a href=\"http:\/\/www.xing.com\/privacy\" target=\"_blank\" rel=\"noopener noreferrer\">http:\/\/www.xing.com\/privacy<\/a>.<\/li>\n<li>b) LinkedIn Corporation, 2029 Stierlin Court, Mountain View, California 94043, USA; <a href=\"http:\/\/www.linkedin.com\/legal\/privacy-policy\" target=\"_blank\" rel=\"noopener noreferrer\">http:\/\/www.linkedin.com\/legal\/privacy-policy<\/a>. LinkedIn hat sich dem EU-US-Privacy-Shield unterworfen, <a href=\"https:\/\/www.privacyshield.gov\/EU-US-Framework\" target=\"_blank\" rel=\"noopener noreferrer\">https:\/\/www.privacyshield.gov\/EU-US-Framework<\/a>.<\/li>\n<\/ol>\n<h3><a name=\"_Toc499221411\"><\/a>5.\u00a0\u00a0\u00a0 Werden meine Daten an Dritte weitergegeben, z.B. an Beh\u00f6rden?<\/h3>\n<p>Innerhalb der SMC erhalten diejenigen Stellen Ihre Daten, die diese zur Erf\u00fcllung unserer vertraglichen und gesetzlichen Pflichten ben\u00f6tigen. Einige Daten m\u00fcssen ferner unter strengen vertraglichen und gesetzlichen Auflagen weitergegeben werden:<\/p>\n<ul>\n<li>Aufgrund gesetzlicher Verpflichtung:<\/li>\n<\/ul>\n<p>In bestimmten F\u00e4llen sind wir gesetzlich verpflichtet, Daten an eine anfragende staatliche Stelle zu \u00fcbermitteln.<\/p>\n<p>Nach Vorlage eines Gerichtsbeschlusses sind wir gem\u00e4\u00df \u00a7 101 Urheberrechtsgesetz verpflichtet, Inhabern von Urheber- und Leistungsschutzrechten Auskunft \u00fcber Kunden zu geben, die urheberrechtlich gesch\u00fctzte Werke in Internet-Tauschb\u00f6rsen angeboten haben sollen. Unsere Auskunft enth\u00e4lt in diesen F\u00e4llen die Benutzerkennung einer zum angefragten Zeitpunkt zugeteilten IP-Adresse sowie, wenn bekannt, Namen und Anschrift des Kunden.<\/p>\n<p>Im \u00dcbrigen erfolgen \u00dcbermittlungen personenbezogener Daten an staatliche Einrichtungen und Beh\u00f6rden nur im Rahmen zwingender nationaler Rechtsvorschriften oder wenn die Weitergabe im Fall von Angriffen auf die Netzinfrastruktur zur Rechts- oder Strafverfolgung erforderlich ist. Rechtsgrundlage der Verarbeitung ist Art. 6 Abs. 1 c DSGVO bzw. \u00a7 24 Abs. 2 Nr. 1 BDSG.<\/p>\n<ul>\n<li>An externe Dienstleister zur Datenverarbeitung:<\/li>\n<\/ul>\n<p>Wenn Dienstleister mit Ihren pers\u00f6nlichen Daten in Ber\u00fchrung kommen, erfolgt dies in der Regel im Rahmen einer sogenannten Auftragsverarbeitung personenbezogener Daten. Diese ist gesetzlich ausdr\u00fccklich vorgesehen. SMC bleibt gleichwohl auch in diesem Fall \u2013 gegebenenfalls neben dem Auftragsverarbeiter \u2013 f\u00fcr den Schutz Ihrer Daten verantwortlich. Der Auftragsverarbeiter arbeitet ausschlie\u00dflich gem\u00e4\u00df unseren Weisungen, was wir durch entsprechende vertragliche Regelungen, durch technische und organisatorische Ma\u00dfnahmen und durch erg\u00e4nzende Kontrollen sicherstellen.<\/p>\n<p>SMC setzt Dienstleister als Auftragsverarbeiter insbesondere in den Kategorien IT-Dienstleistungen (z. B. f\u00fcr technisch-administrative Aufgaben und f\u00fcr die Nutzungsanalyse), Telekommunikation, Beratung und Consulting sowie Vertrieb und Marketing ein.<\/p>\n<p>Die datenschutzrechtlichen Vorgaben zur weisungsgebundenen Auftragsverarbeitung personenbezogener Daten werden eingehalten.<\/p>\n<p>Dar\u00fcber hinaus geben wir keine Daten an Dritte weiter, es sei denn, Sie haben ausdr\u00fccklich eingewilligt, die \u00dcbermittlung ist zur Durchf\u00fchrung eines von Ihnen angeforderten Angebots oder Services erkennbar notwendig oder dies ist gesetzlich vorgesehen. Auch eine dar\u00fcber hinausgehende \u00dcbermittlung Ihrer Daten an ein Drittland oder eine internationale Organisation ist nicht beabsichtigt.<\/p>\n<h3><a name=\"_Toc499221412\"><\/a>6.\u00a0\u00a0\u00a0 Wie lange werden meine Daten aufbewahrt?<\/h3>\n<p>Wir speichern Daten solange, wie dies gesetzlich notwendig oder zur Erbringung der von Ihnen angeforderten Dienstleistung erforderlich ist oder in der von Ihnen gegebenen Einwilligung festgelegt wurde.<\/p>\n<h3><a name=\"_Toc499221414\"><\/a>7.\u00a0\u00a0\u00a0 Habe ich ein Auskunfts- und Berichtigungsrecht \u00fcber meine gespeicherten Daten? Welche sonstigen Rechte stehen mir bez\u00fcglich meiner gespeicherten Daten zu?<\/h3>\n<p>Sie k\u00f6nnen jederzeit unentgeltlich Auskunft \u00fcber den Umfang, die Herkunft und die Empf\u00e4nger der gespeicherten Daten sowie den Zweck der Speicherung verlangen.<\/p>\n<p>Au\u00dferdem haben Sie nach Ma\u00dfgabe der datenschutzrechtlichen Vorschriften das Recht auf Berichtigung, L\u00f6schung oder Einschr\u00e4nkung der Verarbeitung Ihrer Daten, ein Widerspruchsrecht gegen die Verarbeitung sowie ein Recht auf Daten\u00fcbertragbarkeit.<\/p>\n<p>Auf das Bestehen eines Beschwerderechts bei einer Aufsichtsbeh\u00f6rde wird hingewiesen.<\/p>\n<h3><a name=\"_Toc499221415\"><\/a>8.\u00a0\u00a0\u00a0 Kann ich eine ggf. von mir erteilte Einwilligung in die Verwendung meiner Daten widerrufen?<\/h3>\n<p>Sie haben das Recht, Ihre Einwilligung zur Verwendung Ihrer Daten jederzeit zu widerrufen. Hierzu gen\u00fcgt eine E-Mail an <span style=\"color: #000080;\">&#100;&#x61;&#116;&#x65;&#110;&#x73;c&#x68;u&#x74;z&#64;&#x73;&#99;&#x68;&#105;&#x66;&#102;&#x6d;a&#x72;t&#x69;n&#105;&#x2e;&#99;&#x6f;&#109;<\/span> oder eine schriftliche Mitteilung an die folgende Adresse:<\/p>\n<p>Schiff-Martini &amp; Cie. GmbH<\/p>\n<p>Amelia-Mary-Earhart-Stra\u00dfe 8<\/p>\n<p>D-60549 Frankfurt am Main<\/p>\n<p>Tel.: +49 (69) 631564-0<\/p>\n<p>Die aufgrund Ihrer Einwilligung erfolgende Datenverarbeitung ist bis zum Zeitpunkt des Widerrufs rechtm\u00e4\u00dfig.<\/p>\n<h3><a name=\"_Toc499221416\"><\/a>9.\u00a0\u00a0\u00a0 Wer ist mein Ansprechpartner, wenn ich Fragen zum Datenschutz habe?<\/h3>\n<p>Wenn Sie Fragen oder Vorschl\u00e4ge haben, k\u00f6nnen Sie sich jederzeit an den Datenschutzbeauftragten der SMC wenden:<\/p>\n<p><strong>Reinhold Goetz<\/strong><br \/>\nDipl.Ing. Nachrichtentechnik<br \/>\nKampstr.6, 50374 Erftstadt<br \/>\nTel. 02235-9947997, Fax 02235-9947998<br \/>\nE-Mail: &#x72;&#x67;&#111;&#101;t&#x7a;&#x40;&#x64;&#97;te&#x6e;&#x73;&#99;&#104;u&#x74;&#x7a;&#x73;&#101;rv&#x69;&#x63;&#101;&#46;n&#x72;&#x77;<br \/>\nInternet: www.datenschutzservice.nrw<br \/>\nUSt-IdNr. DE259375797<br \/>\nZertifizierter Datenschutzbeauftragter und -auditor T\u00dcV<br \/>\nZertifizierte Datenschutzfachkraft DEKRA<br \/>\nRegistrierter Fachberater beim Bundesamt f\u00fcr Wirtschaft und Ausfuhrkontrolle (BAFA)<br \/>\nMitglied im Berufsverband der Datenschutzbeauftragten Deutschlands (BvD) e.V.<\/p>\n<h3><a name=\"_Toc499221417\"><\/a>10.\u00a0 Wie lange ist diese Datenschutzerkl\u00e4rung g\u00fcltig?<\/h3>\n<p>Diese Datenschutzerkl\u00e4rung ist aktuell und datiert vom September 2018<em>.<\/em> Wir behalten uns vor, die Datenschutzerkl\u00e4rung bei Bedarf, insbesondere zur Anpassung an eine Weiterentwicklung der Webseite oder Implementierung neuer Technologien, jederzeit mit Wirkung f\u00fcr die Zukunft zu \u00e4ndern.<\/p>\n","protected":false},"excerpt":{"rendered":"<p>Datenschutzerkl\u00e4rung Datenschutzerkl\u00e4rung zum Download Datenschutzerkl\u00e4rung zum Social-Media-Angebot _________________________________________________________________ 1.\u00a0\u00a0\u00a0 Allgemeines Vielen Dank f\u00fcr Ihr Interesse an der\/den Webseite\/n der Schiff-Martini &amp; Cie GmbH (im Folgenden \u201cSMC\u201c). Wir nehmen die Themen Datenschutz und Vertraulichkeit sehr ernst und beachten die geltenden nationalen und europ\u00e4ischen Datenschutzvorschriften, insbesondere der EU-DSGVO. Deshalb m\u00f6chten wir Sie mit dieser Erkl\u00e4rung \u00fcber unsere [&hellip;]<\/p>\n","protected":false},"author":1,"featured_media":2348,"parent":0,"menu_order":80,"comment_status":"closed","ping_status":"closed","template":"","meta":{"footnotes":"","_links_to":"","_links_to_target":""},"acf":[],"_links":{"self":[{"href":"https:\/\/www.schiffmartini.com\/de\/wp-json\/wp\/v2\/pages\/929"}],"collection":[{"href":"https:\/\/www.schiffmartini.com\/de\/wp-json\/wp\/v2\/pages"}],"about":[{"href":"https:\/\/www.schiffmartini.com\/de\/wp-json\/wp\/v2\/types\/page"}],"author":[{"embeddable":true,"href":"https:\/\/www.schiffmartini.com\/de\/wp-json\/wp\/v2\/users\/1"}],"replies":[{"embeddable":true,"href":"https:\/\/www.schiffmartini.com\/de\/wp-json\/wp\/v2\/comments?post=929"}],"version-history":[{"count":20,"href":"https:\/\/www.schiffmartini.com\/de\/wp-json\/wp\/v2\/pages\/929\/revisions"}],"predecessor-version":[{"id":8137,"href":"https:\/\/www.schiffmartini.com\/de\/wp-json\/wp\/v2\/pages\/929\/revisions\/8137"}],"wp:featuredmedia":[{"embeddable":true,"href":"https:\/\/www.schiffmartini.com\/de\/wp-json\/wp\/v2\/media\/2348"}],"wp:attachment":[{"href":"https:\/\/www.schiffmartini.com\/de\/wp-json\/wp\/v2\/media?parent=929"}],"curies":[{"name":"wp","href":"https:\/\/api.w.org\/{rel}","templated":true}]}}